{"id":23895,"date":"2020-03-06T19:32:05","date_gmt":"2020-03-06T17:32:05","guid":{"rendered":"https:\/\/animaliamedia.fi\/podcasts\/"},"modified":"2020-03-31T14:27:16","modified_gmt":"2020-03-31T11:27:16","slug":"podcasts","status":"publish","type":"page","link":"https:\/\/animaliamedia.fi\/en\/podcasts\/","title":{"rendered":"Podcasts"},"content":{"rendered":"\t\t<div data-elementor-type=\"wp-page\" data-elementor-id=\"23895\" class=\"elementor elementor-23895 elementor-20836\" data-elementor-post-type=\"page\">\n\t\t\t\t\t\t<section class=\"elementor-section elementor-top-section elementor-element elementor-element-59f96b8 elementor-section-boxed elementor-section-height-default elementor-section-height-default\" data-id=\"59f96b8\" data-element_type=\"section\" data-e-type=\"section\">\n\t\t\t\t\t\t<div class=\"elementor-container elementor-column-gap-default\">\n\t\t\t\t\t<div class=\"elementor-column elementor-col-100 elementor-top-column elementor-element elementor-element-1d3ad36\" data-id=\"1d3ad36\" data-element_type=\"column\" data-e-type=\"column\">\n\t\t\t<div class=\"elementor-widget-wrap elementor-element-populated\">\n\t\t\t\t\t\t<div class=\"elementor-element elementor-element-2587f72 elementor-widget elementor-widget-heading\" data-id=\"2587f72\" data-element_type=\"widget\" data-e-type=\"widget\" data-widget_type=\"heading.default\">\n\t\t\t\t<div class=\"elementor-widget-container\">\n\t\t\t\t\t<h1 class=\"elementor-heading-title elementor-size-default\">Podcasts<\/h1>\t\t\t\t<\/div>\n\t\t\t\t<\/div>\n\t\t\t\t<div class=\"elementor-element elementor-element-0f5c8a3 ee-grid-columns-4 ee-posts-thumbnail-ratio ee-posts-align-bottom ee-grid-columns-tablet-2 ee-grid-columns-mobile-1 ee-grid-align--stretch ee-grid-halign--left elementor-widget elementor-widget-posts-extra\" data-id=\"0f5c8a3\" data-element_type=\"widget\" data-e-type=\"widget\" data-settings=\"{&quot;columns&quot;:&quot;4&quot;,&quot;classic_grid_columns_spacing&quot;:{&quot;unit&quot;:&quot;px&quot;,&quot;size&quot;:11,&quot;sizes&quot;:[]},&quot;classic_grid_columns_spacing_mobile&quot;:{&quot;unit&quot;:&quot;px&quot;,&quot;size&quot;:&quot;&quot;,&quot;sizes&quot;:[]},&quot;classic_infinite_scroll&quot;:&quot;yes&quot;,&quot;classic_infinite_scroll_button&quot;:&quot;yes&quot;,&quot;columns_tablet&quot;:&quot;2&quot;,&quot;columns_mobile&quot;:&quot;1&quot;,&quot;classic_layout&quot;:&quot;default&quot;,&quot;classic_grid_columns_spacing_tablet&quot;:{&quot;unit&quot;:&quot;px&quot;,&quot;size&quot;:12,&quot;sizes&quot;:[]}}\" data-widget_type=\"posts-extra.classic\">\n\t\t\t\t<div class=\"elementor-widget-container\">\n\t\t\t\t\t<div class=\"ee-posts__nothing-found\">No articles found in this category.<\/div>\t\t\t\t<\/div>\n\t\t\t\t<\/div>\n\t\t\t\t\t<\/div>\n\t\t<\/div>\n\t\t\t\t\t<\/div>\n\t\t<\/section>\n\t\t\t\t<\/div>\n\t\t","protected":false},"excerpt":{"rendered":"<p>Podcasts Miehet, jotka sy\u00f6v\u00e4t lihaa ja vihaavat naisia N\u00e4kym\u00e4t\u00f6n hautausmaa Mik\u00e4 on el\u00e4insuojelun ja el\u00e4inten oikeuksien ero? Mik\u00e4 veganismia vaivaa? Do Fish Feel Pain? (Special feat. Dr Lynne Sneddon) Kala ei ole kasvis What makes brands like Gucci go Fur Free? (Special feat. PJ Smith) Tehotuotannon lobbaus Miten vastustaa lajisortoa? (Special feat. Laura Gustafsson) Vegemessut [&#8230;]<\/p>\n<p><a class=\"btn btn-secondary understrap-read-more-link\" href=\"https:\/\/animaliamedia.fi\/en\/podcasts\/\">Read More&#8230;<\/a><\/p>\n","protected":false},"author":63,"featured_media":0,"parent":0,"menu_order":0,"comment_status":"closed","ping_status":"closed","template":"elementor_header_footer","meta":{"_acf_changed":false,"footnotes":""},"class_list":["post-23895","page","type-page","status-publish","hentry"],"acf":[],"yoast_head":"<!-- This site is optimized with the Yoast SEO plugin v27.1.1 - https:\/\/yoast.com\/product\/yoast-seo-wordpress\/ -->\n<title>Podcasts | Animalia-media<\/title>\n<meta name=\"robots\" content=\"index, follow, max-snippet:-1, max-image-preview:large, max-video-preview:-1\" \/>\n<link rel=\"canonical\" href=\"https:\/\/animaliamedia.fi\/en\/podcasts\/\" \/>\n<meta property=\"og:locale\" content=\"en_US\" \/>\n<meta property=\"og:type\" content=\"article\" \/>\n<meta property=\"og:title\" content=\"Podcasts | Animalia-media\" \/>\n<meta property=\"og:description\" content=\"Podcasts Miehet, jotka sy\u00f6v\u00e4t lihaa ja vihaavat naisia N\u00e4kym\u00e4t\u00f6n hautausmaa Mik\u00e4 on el\u00e4insuojelun ja el\u00e4inten oikeuksien ero? Mik\u00e4 veganismia vaivaa? Do Fish Feel Pain? (Special feat. Dr Lynne Sneddon) Kala ei ole kasvis What makes brands like Gucci go Fur Free? (Special feat. PJ Smith) Tehotuotannon lobbaus Miten vastustaa lajisortoa? (Special feat. Laura Gustafsson) Vegemessut [...]Read More...\" \/>\n<meta property=\"og:url\" content=\"https:\/\/animaliamedia.fi\/en\/podcasts\/\" \/>\n<meta property=\"og:site_name\" content=\"Animalia-media\" \/>\n<meta property=\"article:modified_time\" content=\"2020-03-31T11:27:16+00:00\" \/>\n<meta property=\"og:image\" content=\"https:\/\/animaliamedia.fi\/wp-content\/uploads\/fire-unsplash-2-animaliamedia-1200x628-800x419.jpg\" \/>\n<meta name=\"twitter:card\" content=\"summary_large_image\" \/>\n<script type=\"application\/ld+json\" class=\"yoast-schema-graph\">{\"@context\":\"https:\/\/schema.org\",\"@graph\":[{\"@type\":\"WebPage\",\"@id\":\"https:\/\/animaliamedia.fi\/en\/podcasts\/\",\"url\":\"https:\/\/animaliamedia.fi\/en\/podcasts\/\",\"name\":\"Podcasts | Animalia-media\",\"isPartOf\":{\"@id\":\"https:\/\/animaliamedia.fi\/en\/#website\"},\"primaryImageOfPage\":{\"@id\":\"https:\/\/animaliamedia.fi\/en\/podcasts\/#primaryimage\"},\"image\":{\"@id\":\"https:\/\/animaliamedia.fi\/en\/podcasts\/#primaryimage\"},\"thumbnailUrl\":\"https:\/\/animaliamedia.fi\/wp-content\/uploads\/fire-unsplash-2-animaliamedia-1200x628-800x419.jpg\",\"datePublished\":\"2020-03-06T17:32:05+00:00\",\"dateModified\":\"2020-03-31T11:27:16+00:00\",\"breadcrumb\":{\"@id\":\"https:\/\/animaliamedia.fi\/en\/podcasts\/#breadcrumb\"},\"inLanguage\":\"en-US\",\"potentialAction\":[{\"@type\":\"ReadAction\",\"target\":[\"https:\/\/animaliamedia.fi\/en\/podcasts\/\"]}]},{\"@type\":\"ImageObject\",\"inLanguage\":\"en-US\",\"@id\":\"https:\/\/animaliamedia.fi\/en\/podcasts\/#primaryimage\",\"url\":\"https:\/\/animaliamedia.fi\/wp-content\/uploads\/fire-unsplash-2-animaliamedia-1200x628-800x419.jpg\",\"contentUrl\":\"https:\/\/animaliamedia.fi\/wp-content\/uploads\/fire-unsplash-2-animaliamedia-1200x628-800x419.jpg\"},{\"@type\":\"BreadcrumbList\",\"@id\":\"https:\/\/animaliamedia.fi\/en\/podcasts\/#breadcrumb\",\"itemListElement\":[{\"@type\":\"ListItem\",\"position\":1,\"name\":\"Home\",\"item\":\"https:\/\/animaliamedia.fi\/en\/\"},{\"@type\":\"ListItem\",\"position\":2,\"name\":\"Podcasts\"}]},{\"@type\":\"WebSite\",\"@id\":\"https:\/\/animaliamedia.fi\/en\/#website\",\"url\":\"https:\/\/animaliamedia.fi\/en\/\",\"name\":\"Animalia-media\",\"description\":\"\",\"publisher\":{\"@id\":\"https:\/\/animaliamedia.fi\/en\/#organization\"},\"potentialAction\":[{\"@type\":\"SearchAction\",\"target\":{\"@type\":\"EntryPoint\",\"urlTemplate\":\"https:\/\/animaliamedia.fi\/en\/?s={search_term_string}\"},\"query-input\":{\"@type\":\"PropertyValueSpecification\",\"valueRequired\":true,\"valueName\":\"search_term_string\"}}],\"inLanguage\":\"en-US\"},{\"@type\":\"Organization\",\"@id\":\"https:\/\/animaliamedia.fi\/en\/#organization\",\"name\":\"Animalia\",\"url\":\"https:\/\/animaliamedia.fi\/en\/\",\"logo\":{\"@type\":\"ImageObject\",\"inLanguage\":\"en-US\",\"@id\":\"https:\/\/animaliamedia.fi\/en\/#\/schema\/logo\/image\/\",\"url\":\"https:\/\/animaliamedia.fi\/wp-content\/uploads\/animalia-media-logo-www4.png\",\"contentUrl\":\"https:\/\/animaliamedia.fi\/wp-content\/uploads\/animalia-media-logo-www4.png\",\"width\":801,\"height\":130,\"caption\":\"Animalia\"},\"image\":{\"@id\":\"https:\/\/animaliamedia.fi\/en\/#\/schema\/logo\/image\/\"}}]}<\/script>\n<!-- \/ Yoast SEO plugin. -->","yoast_head_json":{"title":"Podcasts | Animalia-media","robots":{"index":"index","follow":"follow","max-snippet":"max-snippet:-1","max-image-preview":"max-image-preview:large","max-video-preview":"max-video-preview:-1"},"canonical":"https:\/\/animaliamedia.fi\/en\/podcasts\/","og_locale":"en_US","og_type":"article","og_title":"Podcasts | Animalia-media","og_description":"Podcasts Miehet, jotka sy\u00f6v\u00e4t lihaa ja vihaavat naisia N\u00e4kym\u00e4t\u00f6n hautausmaa Mik\u00e4 on el\u00e4insuojelun ja el\u00e4inten oikeuksien ero? Mik\u00e4 veganismia vaivaa? Do Fish Feel Pain? (Special feat. Dr Lynne Sneddon) Kala ei ole kasvis What makes brands like Gucci go Fur Free? (Special feat. PJ Smith) Tehotuotannon lobbaus Miten vastustaa lajisortoa? (Special feat. Laura Gustafsson) Vegemessut [...]Read More...","og_url":"https:\/\/animaliamedia.fi\/en\/podcasts\/","og_site_name":"Animalia-media","article_modified_time":"2020-03-31T11:27:16+00:00","og_image":[{"url":"https:\/\/animaliamedia.fi\/wp-content\/uploads\/fire-unsplash-2-animaliamedia-1200x628-800x419.jpg","type":"","width":"","height":""}],"twitter_card":"summary_large_image","schema":{"@context":"https:\/\/schema.org","@graph":[{"@type":"WebPage","@id":"https:\/\/animaliamedia.fi\/en\/podcasts\/","url":"https:\/\/animaliamedia.fi\/en\/podcasts\/","name":"Podcasts | Animalia-media","isPartOf":{"@id":"https:\/\/animaliamedia.fi\/en\/#website"},"primaryImageOfPage":{"@id":"https:\/\/animaliamedia.fi\/en\/podcasts\/#primaryimage"},"image":{"@id":"https:\/\/animaliamedia.fi\/en\/podcasts\/#primaryimage"},"thumbnailUrl":"https:\/\/animaliamedia.fi\/wp-content\/uploads\/fire-unsplash-2-animaliamedia-1200x628-800x419.jpg","datePublished":"2020-03-06T17:32:05+00:00","dateModified":"2020-03-31T11:27:16+00:00","breadcrumb":{"@id":"https:\/\/animaliamedia.fi\/en\/podcasts\/#breadcrumb"},"inLanguage":"en-US","potentialAction":[{"@type":"ReadAction","target":["https:\/\/animaliamedia.fi\/en\/podcasts\/"]}]},{"@type":"ImageObject","inLanguage":"en-US","@id":"https:\/\/animaliamedia.fi\/en\/podcasts\/#primaryimage","url":"https:\/\/animaliamedia.fi\/wp-content\/uploads\/fire-unsplash-2-animaliamedia-1200x628-800x419.jpg","contentUrl":"https:\/\/animaliamedia.fi\/wp-content\/uploads\/fire-unsplash-2-animaliamedia-1200x628-800x419.jpg"},{"@type":"BreadcrumbList","@id":"https:\/\/animaliamedia.fi\/en\/podcasts\/#breadcrumb","itemListElement":[{"@type":"ListItem","position":1,"name":"Home","item":"https:\/\/animaliamedia.fi\/en\/"},{"@type":"ListItem","position":2,"name":"Podcasts"}]},{"@type":"WebSite","@id":"https:\/\/animaliamedia.fi\/en\/#website","url":"https:\/\/animaliamedia.fi\/en\/","name":"Animalia-media","description":"","publisher":{"@id":"https:\/\/animaliamedia.fi\/en\/#organization"},"potentialAction":[{"@type":"SearchAction","target":{"@type":"EntryPoint","urlTemplate":"https:\/\/animaliamedia.fi\/en\/?s={search_term_string}"},"query-input":{"@type":"PropertyValueSpecification","valueRequired":true,"valueName":"search_term_string"}}],"inLanguage":"en-US"},{"@type":"Organization","@id":"https:\/\/animaliamedia.fi\/en\/#organization","name":"Animalia","url":"https:\/\/animaliamedia.fi\/en\/","logo":{"@type":"ImageObject","inLanguage":"en-US","@id":"https:\/\/animaliamedia.fi\/en\/#\/schema\/logo\/image\/","url":"https:\/\/animaliamedia.fi\/wp-content\/uploads\/animalia-media-logo-www4.png","contentUrl":"https:\/\/animaliamedia.fi\/wp-content\/uploads\/animalia-media-logo-www4.png","width":801,"height":130,"caption":"Animalia"},"image":{"@id":"https:\/\/animaliamedia.fi\/en\/#\/schema\/logo\/image\/"}}]}},"_links":{"self":[{"href":"https:\/\/animaliamedia.fi\/en\/wp-json\/wp\/v2\/pages\/23895","targetHints":{"allow":["GET"]}}],"collection":[{"href":"https:\/\/animaliamedia.fi\/en\/wp-json\/wp\/v2\/pages"}],"about":[{"href":"https:\/\/animaliamedia.fi\/en\/wp-json\/wp\/v2\/types\/page"}],"author":[{"embeddable":true,"href":"https:\/\/animaliamedia.fi\/en\/wp-json\/wp\/v2\/users\/63"}],"replies":[{"embeddable":true,"href":"https:\/\/animaliamedia.fi\/en\/wp-json\/wp\/v2\/comments?post=23895"}],"version-history":[{"count":1,"href":"https:\/\/animaliamedia.fi\/en\/wp-json\/wp\/v2\/pages\/23895\/revisions"}],"predecessor-version":[{"id":23896,"href":"https:\/\/animaliamedia.fi\/en\/wp-json\/wp\/v2\/pages\/23895\/revisions\/23896"}],"wp:attachment":[{"href":"https:\/\/animaliamedia.fi\/en\/wp-json\/wp\/v2\/media?parent=23895"}],"curies":[{"name":"wp","href":"https:\/\/api.w.org\/{rel}","templated":true}]}}