{"id":23901,"date":"2020-03-06T19:35:53","date_gmt":"2020-03-06T17:35:53","guid":{"rendered":"https:\/\/animaliamedia.fi\/long\/"},"modified":"2020-03-31T17:51:07","modified_gmt":"2020-03-31T14:51:07","slug":"long","status":"publish","type":"page","link":"https:\/\/animaliamedia.fi\/en\/long\/","title":{"rendered":"Long Reads"},"content":{"rendered":"\t\t<div data-elementor-type=\"wp-page\" data-elementor-id=\"23901\" class=\"elementor elementor-23901 elementor-20801\" data-elementor-post-type=\"page\">\n\t\t\t\t\t\t<section class=\"elementor-section elementor-top-section elementor-element elementor-element-59f96b8 elementor-section-boxed elementor-section-height-default elementor-section-height-default\" data-id=\"59f96b8\" data-element_type=\"section\" data-e-type=\"section\">\n\t\t\t\t\t\t<div class=\"elementor-container elementor-column-gap-default\">\n\t\t\t\t\t<div class=\"elementor-column elementor-col-100 elementor-top-column elementor-element elementor-element-1d3ad36\" data-id=\"1d3ad36\" data-element_type=\"column\" data-e-type=\"column\">\n\t\t\t<div class=\"elementor-widget-wrap elementor-element-populated\">\n\t\t\t\t\t\t<div class=\"elementor-element elementor-element-2587f72 elementor-widget elementor-widget-heading\" data-id=\"2587f72\" data-element_type=\"widget\" data-e-type=\"widget\" data-widget_type=\"heading.default\">\n\t\t\t\t<div class=\"elementor-widget-container\">\n\t\t\t\t\t<h1 class=\"elementor-heading-title elementor-size-default\">Long Reads<\/h1>\t\t\t\t<\/div>\n\t\t\t\t<\/div>\n\t\t\t\t<div class=\"elementor-element elementor-element-0f5c8a3 ee-grid-columns-4 ee-posts-thumbnail-ratio ee-posts-align-bottom ee-grid-columns-tablet-2 ee-grid-columns-mobile-1 ee-grid-align--stretch ee-grid-halign--left elementor-widget elementor-widget-posts-extra\" data-id=\"0f5c8a3\" data-element_type=\"widget\" data-e-type=\"widget\" data-settings=\"{&quot;columns&quot;:&quot;4&quot;,&quot;classic_grid_columns_spacing&quot;:{&quot;unit&quot;:&quot;px&quot;,&quot;size&quot;:11,&quot;sizes&quot;:[]},&quot;classic_grid_columns_spacing_mobile&quot;:{&quot;unit&quot;:&quot;px&quot;,&quot;size&quot;:&quot;&quot;,&quot;sizes&quot;:[]},&quot;classic_infinite_scroll&quot;:&quot;yes&quot;,&quot;classic_infinite_scroll_button&quot;:&quot;yes&quot;,&quot;columns_tablet&quot;:&quot;2&quot;,&quot;columns_mobile&quot;:&quot;1&quot;,&quot;classic_layout&quot;:&quot;default&quot;,&quot;classic_grid_columns_spacing_tablet&quot;:{&quot;unit&quot;:&quot;px&quot;,&quot;size&quot;:12,&quot;sizes&quot;:[]}}\" data-widget_type=\"posts-extra.classic\">\n\t\t\t\t<div class=\"elementor-widget-container\">\n\t\t\t\t\t<div class=\"ee-posts__nothing-found\">It seems we can't find what you're looking for.<\/div>\t\t\t\t<\/div>\n\t\t\t\t<\/div>\n\t\t\t\t\t<\/div>\n\t\t<\/div>\n\t\t\t\t\t<\/div>\n\t\t<\/section>\n\t\t\t\t<\/div>\n\t\t","protected":false},"excerpt":{"rendered":"<p>Long Reads P\u00e4iv\u00e4kirjan sivuilta Porvooseen \u2013 Saparom\u00e4en rakennusty\u00f6t etenev\u00e4t epidemian keskell\u00e4kin El\u00e4inaktivismi on raskasta, mutta Maarit Auranen ei suostu vaikenemaan Onko suomalainen naudanliha ekotuote vai viherpesua? Nautoja kuljetetaan edelleen s\u00e4\u00e4nt\u00f6jen vastaisesti EU:ssa Koronavirus aiheuttaa ahdinkoa sappikarhujen turvakodeissa Kiinassa Lehmien laiduntaminen on yh\u00e4 harvinaisempaa El\u00e4indokumentit j\u00e4tt\u00e4v\u00e4t j\u00e4lkens\u00e4 el\u00e4insuhteeseemme Vegemessut toimii vastuullisten valintojen uranuurtajana Ruokaraivo \u2013 miksi [&#8230;]<\/p>\n<p><a class=\"btn btn-secondary understrap-read-more-link\" href=\"https:\/\/animaliamedia.fi\/en\/long\/\">Read More&#8230;<\/a><\/p>\n","protected":false},"author":63,"featured_media":0,"parent":0,"menu_order":0,"comment_status":"closed","ping_status":"closed","template":"elementor_header_footer","meta":{"_acf_changed":false,"footnotes":""},"class_list":["post-23901","page","type-page","status-publish","hentry"],"acf":[],"yoast_head":"<!-- This site is optimized with the Yoast SEO plugin v27.1.1 - https:\/\/yoast.com\/product\/yoast-seo-wordpress\/ -->\n<title>Long\u202fReads | Animalia-media<\/title>\n<meta name=\"robots\" content=\"index, follow, max-snippet:-1, max-image-preview:large, max-video-preview:-1\" \/>\n<link rel=\"canonical\" href=\"https:\/\/animaliamedia.fi\/en\/long\/\" \/>\n<meta property=\"og:locale\" content=\"en_US\" \/>\n<meta property=\"og:type\" content=\"article\" \/>\n<meta property=\"og:title\" content=\"Long\u202fReads | Animalia-media\" \/>\n<meta property=\"og:description\" content=\"Long Reads P\u00e4iv\u00e4kirjan sivuilta Porvooseen \u2013 Saparom\u00e4en rakennusty\u00f6t etenev\u00e4t epidemian keskell\u00e4kin El\u00e4inaktivismi on raskasta, mutta Maarit Auranen ei suostu vaikenemaan Onko suomalainen naudanliha ekotuote vai viherpesua? Nautoja kuljetetaan edelleen s\u00e4\u00e4nt\u00f6jen vastaisesti EU:ssa Koronavirus aiheuttaa ahdinkoa sappikarhujen turvakodeissa Kiinassa Lehmien laiduntaminen on yh\u00e4 harvinaisempaa El\u00e4indokumentit j\u00e4tt\u00e4v\u00e4t j\u00e4lkens\u00e4 el\u00e4insuhteeseemme Vegemessut toimii vastuullisten valintojen uranuurtajana Ruokaraivo \u2013 miksi [...]Read More...\" \/>\n<meta property=\"og:url\" content=\"https:\/\/animaliamedia.fi\/en\/long\/\" \/>\n<meta property=\"og:site_name\" content=\"Animalia-media\" \/>\n<meta property=\"article:modified_time\" content=\"2020-03-31T14:51:07+00:00\" \/>\n<meta property=\"og:image\" content=\"https:\/\/animaliamedia.fi\/wp-content\/uploads\/Maarit-Auranen-800x420.jpg\" \/>\n<meta name=\"twitter:card\" content=\"summary_large_image\" \/>\n<meta name=\"twitter:label1\" content=\"Est. reading time\" \/>\n\t<meta name=\"twitter:data1\" content=\"1 minute\" \/>\n<script type=\"application\/ld+json\" class=\"yoast-schema-graph\">{\"@context\":\"https:\/\/schema.org\",\"@graph\":[{\"@type\":\"WebPage\",\"@id\":\"https:\/\/animaliamedia.fi\/en\/long\/\",\"url\":\"https:\/\/animaliamedia.fi\/en\/long\/\",\"name\":\"Long\u202fReads | Animalia-media\",\"isPartOf\":{\"@id\":\"https:\/\/animaliamedia.fi\/en\/#website\"},\"primaryImageOfPage\":{\"@id\":\"https:\/\/animaliamedia.fi\/en\/long\/#primaryimage\"},\"image\":{\"@id\":\"https:\/\/animaliamedia.fi\/en\/long\/#primaryimage\"},\"thumbnailUrl\":\"https:\/\/animaliamedia.fi\/wp-content\/uploads\/Maarit-Auranen-800x420.jpg\",\"datePublished\":\"2020-03-06T17:35:53+00:00\",\"dateModified\":\"2020-03-31T14:51:07+00:00\",\"breadcrumb\":{\"@id\":\"https:\/\/animaliamedia.fi\/en\/long\/#breadcrumb\"},\"inLanguage\":\"en-US\",\"potentialAction\":[{\"@type\":\"ReadAction\",\"target\":[\"https:\/\/animaliamedia.fi\/en\/long\/\"]}]},{\"@type\":\"ImageObject\",\"inLanguage\":\"en-US\",\"@id\":\"https:\/\/animaliamedia.fi\/en\/long\/#primaryimage\",\"url\":\"https:\/\/animaliamedia.fi\/wp-content\/uploads\/Maarit-Auranen-800x420.jpg\",\"contentUrl\":\"https:\/\/animaliamedia.fi\/wp-content\/uploads\/Maarit-Auranen-800x420.jpg\"},{\"@type\":\"BreadcrumbList\",\"@id\":\"https:\/\/animaliamedia.fi\/en\/long\/#breadcrumb\",\"itemListElement\":[{\"@type\":\"ListItem\",\"position\":1,\"name\":\"Home\",\"item\":\"https:\/\/animaliamedia.fi\/en\/\"},{\"@type\":\"ListItem\",\"position\":2,\"name\":\"Long Reads\"}]},{\"@type\":\"WebSite\",\"@id\":\"https:\/\/animaliamedia.fi\/en\/#website\",\"url\":\"https:\/\/animaliamedia.fi\/en\/\",\"name\":\"Animalia-media\",\"description\":\"\",\"publisher\":{\"@id\":\"https:\/\/animaliamedia.fi\/en\/#organization\"},\"potentialAction\":[{\"@type\":\"SearchAction\",\"target\":{\"@type\":\"EntryPoint\",\"urlTemplate\":\"https:\/\/animaliamedia.fi\/en\/?s={search_term_string}\"},\"query-input\":{\"@type\":\"PropertyValueSpecification\",\"valueRequired\":true,\"valueName\":\"search_term_string\"}}],\"inLanguage\":\"en-US\"},{\"@type\":\"Organization\",\"@id\":\"https:\/\/animaliamedia.fi\/en\/#organization\",\"name\":\"Animalia\",\"url\":\"https:\/\/animaliamedia.fi\/en\/\",\"logo\":{\"@type\":\"ImageObject\",\"inLanguage\":\"en-US\",\"@id\":\"https:\/\/animaliamedia.fi\/en\/#\/schema\/logo\/image\/\",\"url\":\"https:\/\/animaliamedia.fi\/wp-content\/uploads\/animalia-media-logo-www4.png\",\"contentUrl\":\"https:\/\/animaliamedia.fi\/wp-content\/uploads\/animalia-media-logo-www4.png\",\"width\":801,\"height\":130,\"caption\":\"Animalia\"},\"image\":{\"@id\":\"https:\/\/animaliamedia.fi\/en\/#\/schema\/logo\/image\/\"}}]}<\/script>\n<!-- \/ Yoast SEO plugin. -->","yoast_head_json":{"title":"Long\u202fReads | Animalia-media","robots":{"index":"index","follow":"follow","max-snippet":"max-snippet:-1","max-image-preview":"max-image-preview:large","max-video-preview":"max-video-preview:-1"},"canonical":"https:\/\/animaliamedia.fi\/en\/long\/","og_locale":"en_US","og_type":"article","og_title":"Long\u202fReads | Animalia-media","og_description":"Long Reads P\u00e4iv\u00e4kirjan sivuilta Porvooseen \u2013 Saparom\u00e4en rakennusty\u00f6t etenev\u00e4t epidemian keskell\u00e4kin El\u00e4inaktivismi on raskasta, mutta Maarit Auranen ei suostu vaikenemaan Onko suomalainen naudanliha ekotuote vai viherpesua? Nautoja kuljetetaan edelleen s\u00e4\u00e4nt\u00f6jen vastaisesti EU:ssa Koronavirus aiheuttaa ahdinkoa sappikarhujen turvakodeissa Kiinassa Lehmien laiduntaminen on yh\u00e4 harvinaisempaa El\u00e4indokumentit j\u00e4tt\u00e4v\u00e4t j\u00e4lkens\u00e4 el\u00e4insuhteeseemme Vegemessut toimii vastuullisten valintojen uranuurtajana Ruokaraivo \u2013 miksi [...]Read More...","og_url":"https:\/\/animaliamedia.fi\/en\/long\/","og_site_name":"Animalia-media","article_modified_time":"2020-03-31T14:51:07+00:00","og_image":[{"url":"https:\/\/animaliamedia.fi\/wp-content\/uploads\/Maarit-Auranen-800x420.jpg","type":"","width":"","height":""}],"twitter_card":"summary_large_image","twitter_misc":{"Est. reading time":"1 minute"},"schema":{"@context":"https:\/\/schema.org","@graph":[{"@type":"WebPage","@id":"https:\/\/animaliamedia.fi\/en\/long\/","url":"https:\/\/animaliamedia.fi\/en\/long\/","name":"Long\u202fReads | Animalia-media","isPartOf":{"@id":"https:\/\/animaliamedia.fi\/en\/#website"},"primaryImageOfPage":{"@id":"https:\/\/animaliamedia.fi\/en\/long\/#primaryimage"},"image":{"@id":"https:\/\/animaliamedia.fi\/en\/long\/#primaryimage"},"thumbnailUrl":"https:\/\/animaliamedia.fi\/wp-content\/uploads\/Maarit-Auranen-800x420.jpg","datePublished":"2020-03-06T17:35:53+00:00","dateModified":"2020-03-31T14:51:07+00:00","breadcrumb":{"@id":"https:\/\/animaliamedia.fi\/en\/long\/#breadcrumb"},"inLanguage":"en-US","potentialAction":[{"@type":"ReadAction","target":["https:\/\/animaliamedia.fi\/en\/long\/"]}]},{"@type":"ImageObject","inLanguage":"en-US","@id":"https:\/\/animaliamedia.fi\/en\/long\/#primaryimage","url":"https:\/\/animaliamedia.fi\/wp-content\/uploads\/Maarit-Auranen-800x420.jpg","contentUrl":"https:\/\/animaliamedia.fi\/wp-content\/uploads\/Maarit-Auranen-800x420.jpg"},{"@type":"BreadcrumbList","@id":"https:\/\/animaliamedia.fi\/en\/long\/#breadcrumb","itemListElement":[{"@type":"ListItem","position":1,"name":"Home","item":"https:\/\/animaliamedia.fi\/en\/"},{"@type":"ListItem","position":2,"name":"Long Reads"}]},{"@type":"WebSite","@id":"https:\/\/animaliamedia.fi\/en\/#website","url":"https:\/\/animaliamedia.fi\/en\/","name":"Animalia-media","description":"","publisher":{"@id":"https:\/\/animaliamedia.fi\/en\/#organization"},"potentialAction":[{"@type":"SearchAction","target":{"@type":"EntryPoint","urlTemplate":"https:\/\/animaliamedia.fi\/en\/?s={search_term_string}"},"query-input":{"@type":"PropertyValueSpecification","valueRequired":true,"valueName":"search_term_string"}}],"inLanguage":"en-US"},{"@type":"Organization","@id":"https:\/\/animaliamedia.fi\/en\/#organization","name":"Animalia","url":"https:\/\/animaliamedia.fi\/en\/","logo":{"@type":"ImageObject","inLanguage":"en-US","@id":"https:\/\/animaliamedia.fi\/en\/#\/schema\/logo\/image\/","url":"https:\/\/animaliamedia.fi\/wp-content\/uploads\/animalia-media-logo-www4.png","contentUrl":"https:\/\/animaliamedia.fi\/wp-content\/uploads\/animalia-media-logo-www4.png","width":801,"height":130,"caption":"Animalia"},"image":{"@id":"https:\/\/animaliamedia.fi\/en\/#\/schema\/logo\/image\/"}}]}},"_links":{"self":[{"href":"https:\/\/animaliamedia.fi\/en\/wp-json\/wp\/v2\/pages\/23901","targetHints":{"allow":["GET"]}}],"collection":[{"href":"https:\/\/animaliamedia.fi\/en\/wp-json\/wp\/v2\/pages"}],"about":[{"href":"https:\/\/animaliamedia.fi\/en\/wp-json\/wp\/v2\/types\/page"}],"author":[{"embeddable":true,"href":"https:\/\/animaliamedia.fi\/en\/wp-json\/wp\/v2\/users\/63"}],"replies":[{"embeddable":true,"href":"https:\/\/animaliamedia.fi\/en\/wp-json\/wp\/v2\/comments?post=23901"}],"version-history":[{"count":7,"href":"https:\/\/animaliamedia.fi\/en\/wp-json\/wp\/v2\/pages\/23901\/revisions"}],"predecessor-version":[{"id":24194,"href":"https:\/\/animaliamedia.fi\/en\/wp-json\/wp\/v2\/pages\/23901\/revisions\/24194"}],"wp:attachment":[{"href":"https:\/\/animaliamedia.fi\/en\/wp-json\/wp\/v2\/media?parent=23901"}],"curies":[{"name":"wp","href":"https:\/\/api.w.org\/{rel}","templated":true}]}}