{"id":23909,"date":"2020-03-06T19:56:17","date_gmt":"2020-03-06T17:56:17","guid":{"rendered":"https:\/\/animaliamedia.fi\/homepage\/"},"modified":"2020-04-07T13:34:19","modified_gmt":"2020-04-07T10:34:19","slug":"homepage","status":"publish","type":"page","link":"https:\/\/animaliamedia.fi\/en\/","title":{"rendered":"Home"},"content":{"rendered":"\t\t<div data-elementor-type=\"wp-page\" data-elementor-id=\"23909\" class=\"elementor elementor-23909 elementor-20594\" data-elementor-post-type=\"page\">\n\t\t\t\t\t\t<section class=\"elementor-section elementor-top-section elementor-element elementor-element-fe9553c elementor-section-stretched elementor-section-boxed elementor-section-height-default elementor-section-height-default\" data-id=\"fe9553c\" data-element_type=\"section\" data-e-type=\"section\" data-settings=\"{&quot;stretch_section&quot;:&quot;section-stretched&quot;,&quot;background_background&quot;:&quot;classic&quot;,&quot;background_image&quot;:{&quot;url&quot;:&quot;&quot;,&quot;id&quot;:&quot;&quot;,&quot;size&quot;:&quot;&quot;}}\">\n\t\t\t\t\t\t<div class=\"elementor-container elementor-column-gap-default\">\n\t\t\t\t\t<div class=\"elementor-column elementor-col-100 elementor-top-column elementor-element elementor-element-35fd1bf\" data-id=\"35fd1bf\" data-element_type=\"column\" data-e-type=\"column\">\n\t\t\t<div class=\"elementor-widget-wrap elementor-element-populated\">\n\t\t\t\t\t\t<div class=\"elementor-element elementor-element-5646e53 ee-grid-columns-1 ee-grid-columns-tablet-1 ee-posts-thumbnail-ratio ee-posts-align-middle ee-grid-columns-mobile-1 ee-grid-halign--left elementor-widget elementor-widget-posts-extra\" data-id=\"5646e53\" data-element_type=\"widget\" data-e-type=\"widget\" data-settings=\"{&quot;columns&quot;:&quot;1&quot;,&quot;columns_tablet&quot;:&quot;1&quot;,&quot;classic_grid_columns_spacing&quot;:{&quot;unit&quot;:&quot;px&quot;,&quot;size&quot;:&quot;&quot;,&quot;sizes&quot;:[]},&quot;columns_mobile&quot;:&quot;1&quot;,&quot;classic_grid_columns_spacing_tablet&quot;:{&quot;unit&quot;:&quot;px&quot;,&quot;size&quot;:12,&quot;sizes&quot;:[]},&quot;classic_grid_columns_spacing_mobile&quot;:{&quot;unit&quot;:&quot;px&quot;,&quot;size&quot;:0,&quot;sizes&quot;:[]}}\" data-widget_type=\"posts-extra.classic\">\n\t\t\t\t<div class=\"elementor-widget-container\">\n\t\t\t\t\t<div class=\"ee-posts__nothing-found\">It seems we can't find what you're looking for.<\/div>\t\t\t\t<\/div>\n\t\t\t\t<\/div>\n\t\t\t\t<div class=\"elementor-element elementor-element-81e5d51 ee-grid-columns-4 ee-posts-thumbnail-ratio ee-posts-align-bottom ee-grid-columns-tablet-2 ee-grid-columns-mobile-1 ee-grid-align--stretch ee-grid-halign--left elementor-widget elementor-widget-posts-extra\" data-id=\"81e5d51\" data-element_type=\"widget\" data-e-type=\"widget\" data-settings=\"{&quot;columns&quot;:&quot;4&quot;,&quot;classic_grid_columns_spacing&quot;:{&quot;unit&quot;:&quot;px&quot;,&quot;size&quot;:11,&quot;sizes&quot;:[]},&quot;classic_grid_columns_spacing_mobile&quot;:{&quot;unit&quot;:&quot;px&quot;,&quot;size&quot;:&quot;&quot;,&quot;sizes&quot;:[]},&quot;columns_tablet&quot;:&quot;2&quot;,&quot;columns_mobile&quot;:&quot;1&quot;,&quot;classic_layout&quot;:&quot;default&quot;,&quot;classic_grid_columns_spacing_tablet&quot;:{&quot;unit&quot;:&quot;px&quot;,&quot;size&quot;:12,&quot;sizes&quot;:[]}}\" data-widget_type=\"posts-extra.classic\">\n\t\t\t\t<div class=\"elementor-widget-container\">\n\t\t\t\t\t<div class=\"ee-posts__nothing-found\">Ei n\u00e4ytett\u00e4vi\u00e4 tekstej\u00e4.<\/div>\t\t\t\t<\/div>\n\t\t\t\t<\/div>\n\t\t\t\t<div class=\"elementor-element elementor-element-96ec9aa elementor-widget-divider--view-line elementor-widget elementor-widget-divider\" data-id=\"96ec9aa\" data-element_type=\"widget\" data-e-type=\"widget\" data-widget_type=\"divider.default\">\n\t\t\t\t<div class=\"elementor-widget-container\">\n\t\t\t\t\t\t\t<div class=\"elementor-divider\">\n\t\t\t<span class=\"elementor-divider-separator\">\n\t\t\t\t\t\t<\/span>\n\t\t<\/div>\n\t\t\t\t\t\t<\/div>\n\t\t\t\t<\/div>\n\t\t\t\t<div class=\"elementor-element elementor-element-c7f7f3d ee-grid-columns-1 ee-grid-columns-tablet-1 ee-posts-thumbnail-ratio ee-grid-columns-mobile-1 ee-grid-align--stretch ee-grid-halign--left ee-posts-layout-collapse--mobile ee-posts-align-top elementor-widget elementor-widget-posts-extra\" data-id=\"c7f7f3d\" data-element_type=\"widget\" data-e-type=\"widget\" id=\"forsti\" data-settings=\"{&quot;columns&quot;:&quot;1&quot;,&quot;columns_tablet&quot;:&quot;1&quot;,&quot;columns_mobile&quot;:&quot;1&quot;,&quot;classic_grid_columns_spacing&quot;:{&quot;unit&quot;:&quot;px&quot;,&quot;size&quot;:24,&quot;sizes&quot;:[]},&quot;classic_grid_columns_spacing_tablet&quot;:{&quot;unit&quot;:&quot;px&quot;,&quot;size&quot;:12,&quot;sizes&quot;:[]},&quot;classic_grid_columns_spacing_mobile&quot;:{&quot;unit&quot;:&quot;px&quot;,&quot;size&quot;:0,&quot;sizes&quot;:[]}}\" data-widget_type=\"posts-extra.classic\">\n\t\t\t\t<div class=\"elementor-widget-container\">\n\t\t\t\t\t<div class=\"ee-posts__nothing-found\">Uutista ei l\u00f6ytynyt.<\/div>\t\t\t\t<\/div>\n\t\t\t\t<\/div>\n\t\t\t\t<div class=\"elementor-element elementor-element-19ea468 elementor-widget elementor-widget-html\" data-id=\"19ea468\" data-element_type=\"widget\" data-e-type=\"widget\" data-widget_type=\"html.default\">\n\t\t\t\t<div class=\"elementor-widget-container\">\n\t\t\t\t\t<script>\r\n    var div = jQuery(' #forsti .ee-post__excerpt');\r\ndiv.html(div.html().replace(\/\\[...]\/g, ''));\r\n<\/script>\t\t\t\t<\/div>\n\t\t\t\t<\/div>\n\t\t\t\t<div class=\"elementor-element elementor-element-0c8972a angles elementor-widget-divider--view-line elementor-widget elementor-widget-divider\" data-id=\"0c8972a\" data-element_type=\"widget\" data-e-type=\"widget\" data-widget_type=\"divider.default\">\n\t\t\t\t<div class=\"elementor-widget-container\">\n\t\t\t\t\t\t\t<div class=\"elementor-divider\">\n\t\t\t<span class=\"elementor-divider-separator\">\n\t\t\t\t\t\t<\/span>\n\t\t<\/div>\n\t\t\t\t\t\t<\/div>\n\t\t\t\t<\/div>\n\t\t\t\t<div class=\"elementor-element elementor-element-fd59042 angles elementor-widget elementor-widget-heading\" data-id=\"fd59042\" data-element_type=\"widget\" data-e-type=\"widget\" data-widget_type=\"heading.default\">\n\t\t\t\t<div class=\"elementor-widget-container\">\n\t\t\t\t\t<h2 class=\"elementor-heading-title elementor-size-default\">Columns<\/h2>\t\t\t\t<\/div>\n\t\t\t\t<\/div>\n\t\t\t\t<div class=\"elementor-element elementor-element-9725510 ee-grid-columns-4 ee-posts-thumbnail-ratio ee-posts-align-bottom angles ee-grid-columns-tablet-2 ee-grid-columns-mobile-1 ee-grid-align--stretch ee-grid-halign--left elementor-widget elementor-widget-posts-extra\" data-id=\"9725510\" data-element_type=\"widget\" data-e-type=\"widget\" data-settings=\"{&quot;columns&quot;:&quot;4&quot;,&quot;classic_grid_columns_spacing&quot;:{&quot;unit&quot;:&quot;px&quot;,&quot;size&quot;:11,&quot;sizes&quot;:[]},&quot;classic_grid_columns_spacing_mobile&quot;:{&quot;unit&quot;:&quot;px&quot;,&quot;size&quot;:&quot;&quot;,&quot;sizes&quot;:[]},&quot;columns_tablet&quot;:&quot;2&quot;,&quot;columns_mobile&quot;:&quot;1&quot;,&quot;classic_layout&quot;:&quot;default&quot;,&quot;classic_grid_columns_spacing_tablet&quot;:{&quot;unit&quot;:&quot;px&quot;,&quot;size&quot;:12,&quot;sizes&quot;:[]}}\" data-widget_type=\"posts-extra.classic\">\n\t\t\t\t<div class=\"elementor-widget-container\">\n\t\t\t\t\t<div class=\"ee-posts__nothing-found\">It seems we can't find what you're looking for.<\/div>\t\t\t\t<\/div>\n\t\t\t\t<\/div>\n\t\t\t\t<div class=\"elementor-element elementor-element-68040a1 angles elementor-widget-divider--view-line elementor-widget elementor-widget-divider\" data-id=\"68040a1\" data-element_type=\"widget\" data-e-type=\"widget\" data-widget_type=\"divider.default\">\n\t\t\t\t<div class=\"elementor-widget-container\">\n\t\t\t\t\t\t\t<div class=\"elementor-divider\">\n\t\t\t<span class=\"elementor-divider-separator\">\n\t\t\t\t\t\t<\/span>\n\t\t<\/div>\n\t\t\t\t\t\t<\/div>\n\t\t\t\t<\/div>\n\t\t\t\t<div class=\"elementor-element elementor-element-da60c8b ee-grid-columns-1 ee-grid-columns-tablet-1 ee-posts-thumbnail-ratio angles ee-grid-columns-mobile-1 ee-grid-align--stretch ee-grid-halign--left ee-posts-layout-collapse--mobile ee-posts-align-top elementor-widget elementor-widget-posts-extra\" data-id=\"da60c8b\" data-element_type=\"widget\" data-e-type=\"widget\" id=\"seconderi\" data-settings=\"{&quot;columns&quot;:&quot;1&quot;,&quot;columns_tablet&quot;:&quot;1&quot;,&quot;columns_mobile&quot;:&quot;1&quot;,&quot;classic_grid_columns_spacing&quot;:{&quot;unit&quot;:&quot;px&quot;,&quot;size&quot;:24,&quot;sizes&quot;:[]},&quot;classic_grid_columns_spacing_tablet&quot;:{&quot;unit&quot;:&quot;px&quot;,&quot;size&quot;:12,&quot;sizes&quot;:[]},&quot;classic_grid_columns_spacing_mobile&quot;:{&quot;unit&quot;:&quot;px&quot;,&quot;size&quot;:0,&quot;sizes&quot;:[]}}\" data-widget_type=\"posts-extra.classic\">\n\t\t\t\t<div class=\"elementor-widget-container\">\n\t\t\t\t\t<div class=\"ee-posts__nothing-found\">Uutista ei l\u00f6ytynyt.<\/div>\t\t\t\t<\/div>\n\t\t\t\t<\/div>\n\t\t\t\t<div class=\"elementor-element elementor-element-d42633c angles elementor-widget elementor-widget-spacer\" data-id=\"d42633c\" data-element_type=\"widget\" data-e-type=\"widget\" data-widget_type=\"spacer.default\">\n\t\t\t\t<div class=\"elementor-widget-container\">\n\t\t\t\t\t\t\t<div class=\"elementor-spacer\">\n\t\t\t<div class=\"elementor-spacer-inner\"><\/div>\n\t\t<\/div>\n\t\t\t\t\t\t<\/div>\n\t\t\t\t<\/div>\n\t\t\t\t<div class=\"elementor-element elementor-element-35c0994 elementor-widget elementor-widget-html\" data-id=\"35c0994\" data-element_type=\"widget\" data-e-type=\"widget\" data-widget_type=\"html.default\">\n\t\t\t\t<div class=\"elementor-widget-container\">\n\t\t\t\t\t<script>\r\n    var div = jQuery(' #seconderi .ee-post__excerpt');\r\ndiv.html(div.html().replace(\/\\[...]\/g, ''));\r\n<\/script>\t\t\t\t<\/div>\n\t\t\t\t<\/div>\n\t\t\t\t\t<\/div>\n\t\t<\/div>\n\t\t\t\t\t<\/div>\n\t\t<\/section>\n\t\t\t\t<\/div>\n\t\t","protected":false},"excerpt":{"rendered":"<p>Koronavirus muuttaa, mutta ei pys\u00e4yt\u00e4 Artikkeli (kaikki) \u00b7 Pitk\u00e4t \u00b7 P\u00e4iv\u00e4kirjan sivuilta Porvooseen \u2013 Saparom\u00e4en rakennusty\u00f6t etenev\u00e4t epidemian keskell\u00e4kin Artikkeli (kaikki) \u00b7 Lyhyet \u00b7 Luvat peruttu \u2013 suljetaanko Attican delfinaario? Artikkeli (kaikki) \u00b7 Pitk\u00e4t \u00b7 El\u00e4inaktivismi on raskasta, mutta Maarit Auranen ei suostu vaikenemaan Artikkeli (kaikki) \u00b7 Lyhyet \u00b7 Animalian Heidi Kivek\u00e4s mukana vapaaporsitusta selvitt\u00e4v\u00e4ss\u00e4 [&#8230;]<\/p>\n<p><a class=\"btn btn-secondary understrap-read-more-link\" href=\"https:\/\/animaliamedia.fi\/en\/\">Read More&#8230;<\/a><\/p>\n","protected":false},"author":63,"featured_media":23692,"parent":0,"menu_order":0,"comment_status":"closed","ping_status":"closed","template":"elementor_header_footer","meta":{"_acf_changed":false,"footnotes":""},"class_list":["post-23909","page","type-page","status-publish","has-post-thumbnail","hentry"],"acf":[],"yoast_head":"<!-- This site is optimized with the Yoast SEO plugin v27.1.1 - https:\/\/yoast.com\/product\/yoast-seo-wordpress\/ -->\n<title>Animalia Media - Finland&#039;s leading animal rights media<\/title>\n<meta name=\"description\" content=\"Animaliamedia is an magazine of the Animalia ry that publishes articles on current topics related to animal rights and animal welfare.\" \/>\n<meta name=\"robots\" content=\"index, follow, max-snippet:-1, max-image-preview:large, max-video-preview:-1\" \/>\n<link rel=\"canonical\" href=\"https:\/\/animaliamedia.fi\/en\/\" \/>\n<meta property=\"og:locale\" content=\"en_US\" \/>\n<meta property=\"og:type\" content=\"article\" \/>\n<meta property=\"og:title\" content=\"Animalia Media - Finland&#039;s leading animal rights media\" \/>\n<meta property=\"og:description\" content=\"Animaliamedia is an magazine of the Animalia ry that publishes articles on current topics related to animal rights and animal welfare.\" \/>\n<meta property=\"og:url\" content=\"https:\/\/animaliamedia.fi\/en\/\" \/>\n<meta property=\"og:site_name\" content=\"Animalia-media\" \/>\n<meta property=\"article:modified_time\" content=\"2020-04-07T10:34:19+00:00\" \/>\n<meta property=\"og:image\" content=\"https:\/\/i0.wp.com\/animaliamedia.fi\/wp-content\/uploads\/animaliamedia-cover.jpg?fit=1200%2C720&ssl=1\" \/>\n\t<meta property=\"og:image:width\" content=\"1200\" \/>\n\t<meta property=\"og:image:height\" content=\"720\" \/>\n\t<meta property=\"og:image:type\" content=\"image\/jpeg\" \/>\n<meta name=\"twitter:card\" content=\"summary_large_image\" \/>\n<meta name=\"twitter:label1\" content=\"Est. reading time\" \/>\n\t<meta name=\"twitter:data1\" content=\"1 minute\" \/>\n<script type=\"application\/ld+json\" class=\"yoast-schema-graph\">{\"@context\":\"https:\/\/schema.org\",\"@graph\":[{\"@type\":\"WebPage\",\"@id\":\"https:\/\/animaliamedia.fi\/en\/\",\"url\":\"https:\/\/animaliamedia.fi\/en\/\",\"name\":\"Animalia Media - Finland's leading animal rights media\",\"isPartOf\":{\"@id\":\"https:\/\/animaliamedia.fi\/en\/#website\"},\"primaryImageOfPage\":{\"@id\":\"https:\/\/animaliamedia.fi\/en\/#primaryimage\"},\"image\":{\"@id\":\"https:\/\/animaliamedia.fi\/en\/#primaryimage\"},\"thumbnailUrl\":\"https:\/\/animaliamedia.fi\/wp-content\/uploads\/animaliamedia-cover.jpg\",\"datePublished\":\"2020-03-06T17:56:17+00:00\",\"dateModified\":\"2020-04-07T10:34:19+00:00\",\"description\":\"Animaliamedia is an magazine of the Animalia ry that publishes articles on current topics related to animal rights and animal welfare.\",\"breadcrumb\":{\"@id\":\"https:\/\/animaliamedia.fi\/en\/#breadcrumb\"},\"inLanguage\":\"en-US\",\"potentialAction\":[{\"@type\":\"ReadAction\",\"target\":[\"https:\/\/animaliamedia.fi\/en\/\"]}]},{\"@type\":\"ImageObject\",\"inLanguage\":\"en-US\",\"@id\":\"https:\/\/animaliamedia.fi\/en\/#primaryimage\",\"url\":\"https:\/\/animaliamedia.fi\/wp-content\/uploads\/animaliamedia-cover.jpg\",\"contentUrl\":\"https:\/\/animaliamedia.fi\/wp-content\/uploads\/animaliamedia-cover.jpg\",\"width\":1200,\"height\":720},{\"@type\":\"BreadcrumbList\",\"@id\":\"https:\/\/animaliamedia.fi\/en\/#breadcrumb\",\"itemListElement\":[{\"@type\":\"ListItem\",\"position\":1,\"name\":\"Home\",\"item\":\"https:\/\/animaliamedia.fi\/en\/\"},{\"@type\":\"ListItem\",\"position\":2,\"name\":\"Home\"}]},{\"@type\":\"WebSite\",\"@id\":\"https:\/\/animaliamedia.fi\/en\/#website\",\"url\":\"https:\/\/animaliamedia.fi\/en\/\",\"name\":\"Animalia-media\",\"description\":\"\",\"publisher\":{\"@id\":\"https:\/\/animaliamedia.fi\/en\/#organization\"},\"potentialAction\":[{\"@type\":\"SearchAction\",\"target\":{\"@type\":\"EntryPoint\",\"urlTemplate\":\"https:\/\/animaliamedia.fi\/en\/?s={search_term_string}\"},\"query-input\":{\"@type\":\"PropertyValueSpecification\",\"valueRequired\":true,\"valueName\":\"search_term_string\"}}],\"inLanguage\":\"en-US\"},{\"@type\":\"Organization\",\"@id\":\"https:\/\/animaliamedia.fi\/en\/#organization\",\"name\":\"Animalia\",\"url\":\"https:\/\/animaliamedia.fi\/en\/\",\"logo\":{\"@type\":\"ImageObject\",\"inLanguage\":\"en-US\",\"@id\":\"https:\/\/animaliamedia.fi\/en\/#\/schema\/logo\/image\/\",\"url\":\"https:\/\/animaliamedia.fi\/wp-content\/uploads\/animalia-media-logo-www4.png\",\"contentUrl\":\"https:\/\/animaliamedia.fi\/wp-content\/uploads\/animalia-media-logo-www4.png\",\"width\":801,\"height\":130,\"caption\":\"Animalia\"},\"image\":{\"@id\":\"https:\/\/animaliamedia.fi\/en\/#\/schema\/logo\/image\/\"}}]}<\/script>\n<!-- \/ Yoast SEO plugin. -->","yoast_head_json":{"title":"Animalia Media - Finland's leading animal rights media","description":"Animaliamedia is an magazine of the Animalia ry that publishes articles on current topics related to animal rights and animal welfare.","robots":{"index":"index","follow":"follow","max-snippet":"max-snippet:-1","max-image-preview":"max-image-preview:large","max-video-preview":"max-video-preview:-1"},"canonical":"https:\/\/animaliamedia.fi\/en\/","og_locale":"en_US","og_type":"article","og_title":"Animalia Media - Finland's leading animal rights media","og_description":"Animaliamedia is an magazine of the Animalia ry that publishes articles on current topics related to animal rights and animal welfare.","og_url":"https:\/\/animaliamedia.fi\/en\/","og_site_name":"Animalia-media","article_modified_time":"2020-04-07T10:34:19+00:00","og_image":[{"width":1200,"height":720,"url":"https:\/\/i0.wp.com\/animaliamedia.fi\/wp-content\/uploads\/animaliamedia-cover.jpg?fit=1200%2C720&ssl=1","type":"image\/jpeg"}],"twitter_card":"summary_large_image","twitter_misc":{"Est. reading time":"1 minute"},"schema":{"@context":"https:\/\/schema.org","@graph":[{"@type":"WebPage","@id":"https:\/\/animaliamedia.fi\/en\/","url":"https:\/\/animaliamedia.fi\/en\/","name":"Animalia Media - Finland's leading animal rights media","isPartOf":{"@id":"https:\/\/animaliamedia.fi\/en\/#website"},"primaryImageOfPage":{"@id":"https:\/\/animaliamedia.fi\/en\/#primaryimage"},"image":{"@id":"https:\/\/animaliamedia.fi\/en\/#primaryimage"},"thumbnailUrl":"https:\/\/animaliamedia.fi\/wp-content\/uploads\/animaliamedia-cover.jpg","datePublished":"2020-03-06T17:56:17+00:00","dateModified":"2020-04-07T10:34:19+00:00","description":"Animaliamedia is an magazine of the Animalia ry that publishes articles on current topics related to animal rights and animal welfare.","breadcrumb":{"@id":"https:\/\/animaliamedia.fi\/en\/#breadcrumb"},"inLanguage":"en-US","potentialAction":[{"@type":"ReadAction","target":["https:\/\/animaliamedia.fi\/en\/"]}]},{"@type":"ImageObject","inLanguage":"en-US","@id":"https:\/\/animaliamedia.fi\/en\/#primaryimage","url":"https:\/\/animaliamedia.fi\/wp-content\/uploads\/animaliamedia-cover.jpg","contentUrl":"https:\/\/animaliamedia.fi\/wp-content\/uploads\/animaliamedia-cover.jpg","width":1200,"height":720},{"@type":"BreadcrumbList","@id":"https:\/\/animaliamedia.fi\/en\/#breadcrumb","itemListElement":[{"@type":"ListItem","position":1,"name":"Home","item":"https:\/\/animaliamedia.fi\/en\/"},{"@type":"ListItem","position":2,"name":"Home"}]},{"@type":"WebSite","@id":"https:\/\/animaliamedia.fi\/en\/#website","url":"https:\/\/animaliamedia.fi\/en\/","name":"Animalia-media","description":"","publisher":{"@id":"https:\/\/animaliamedia.fi\/en\/#organization"},"potentialAction":[{"@type":"SearchAction","target":{"@type":"EntryPoint","urlTemplate":"https:\/\/animaliamedia.fi\/en\/?s={search_term_string}"},"query-input":{"@type":"PropertyValueSpecification","valueRequired":true,"valueName":"search_term_string"}}],"inLanguage":"en-US"},{"@type":"Organization","@id":"https:\/\/animaliamedia.fi\/en\/#organization","name":"Animalia","url":"https:\/\/animaliamedia.fi\/en\/","logo":{"@type":"ImageObject","inLanguage":"en-US","@id":"https:\/\/animaliamedia.fi\/en\/#\/schema\/logo\/image\/","url":"https:\/\/animaliamedia.fi\/wp-content\/uploads\/animalia-media-logo-www4.png","contentUrl":"https:\/\/animaliamedia.fi\/wp-content\/uploads\/animalia-media-logo-www4.png","width":801,"height":130,"caption":"Animalia"},"image":{"@id":"https:\/\/animaliamedia.fi\/en\/#\/schema\/logo\/image\/"}}]}},"_links":{"self":[{"href":"https:\/\/animaliamedia.fi\/en\/wp-json\/wp\/v2\/pages\/23909","targetHints":{"allow":["GET"]}}],"collection":[{"href":"https:\/\/animaliamedia.fi\/en\/wp-json\/wp\/v2\/pages"}],"about":[{"href":"https:\/\/animaliamedia.fi\/en\/wp-json\/wp\/v2\/types\/page"}],"author":[{"embeddable":true,"href":"https:\/\/animaliamedia.fi\/en\/wp-json\/wp\/v2\/users\/63"}],"replies":[{"embeddable":true,"href":"https:\/\/animaliamedia.fi\/en\/wp-json\/wp\/v2\/comments?post=23909"}],"version-history":[{"count":5,"href":"https:\/\/animaliamedia.fi\/en\/wp-json\/wp\/v2\/pages\/23909\/revisions"}],"predecessor-version":[{"id":24268,"href":"https:\/\/animaliamedia.fi\/en\/wp-json\/wp\/v2\/pages\/23909\/revisions\/24268"}],"wp:featuredmedia":[{"embeddable":true,"href":"https:\/\/animaliamedia.fi\/en\/wp-json\/wp\/v2\/media\/23692"}],"wp:attachment":[{"href":"https:\/\/animaliamedia.fi\/en\/wp-json\/wp\/v2\/media?parent=23909"}],"curies":[{"name":"wp","href":"https:\/\/api.w.org\/{rel}","templated":true}]}}