{"id":24092,"date":"2020-03-31T14:21:39","date_gmt":"2020-03-31T11:21:39","guid":{"rendered":"https:\/\/animaliamedia.fi\/om%e2%80%afoss\/"},"modified":"2020-03-31T14:21:40","modified_gmt":"2020-03-31T11:21:40","slug":"om%e2%80%afoss","status":"publish","type":"page","link":"https:\/\/animaliamedia.fi\/sv\/om%e2%80%afoss\/","title":{"rendered":"Om\u202foss"},"content":{"rendered":"\t\t<div data-elementor-type=\"wp-page\" data-elementor-id=\"24092\" class=\"elementor elementor-24092 elementor-20842\" data-elementor-post-type=\"page\">\n\t\t\t\t\t\t<section class=\"elementor-section elementor-top-section elementor-element elementor-element-59f96b8 elementor-section-height-min-height elementor-section-boxed elementor-section-height-default elementor-section-items-middle\" data-id=\"59f96b8\" data-element_type=\"section\" data-e-type=\"section\" data-settings=\"{&quot;background_background&quot;:&quot;classic&quot;,&quot;background_image&quot;:{&quot;url&quot;:&quot;&quot;,&quot;id&quot;:&quot;&quot;,&quot;size&quot;:&quot;&quot;}}\">\n\t\t\t\t\t\t<div class=\"elementor-container elementor-column-gap-default\">\n\t\t\t\t\t<div class=\"elementor-column elementor-col-100 elementor-top-column elementor-element elementor-element-1d3ad36\" data-id=\"1d3ad36\" data-element_type=\"column\" data-e-type=\"column\" data-settings=\"{&quot;background_background&quot;:&quot;classic&quot;}\">\n\t\t\t<div class=\"elementor-widget-wrap elementor-element-populated\">\n\t\t\t\t\t<div class=\"elementor-background-overlay\"><\/div>\n\t\t\t\t\t\t<div class=\"elementor-element elementor-element-2462287 elementor-widget elementor-widget-spacer\" data-id=\"2462287\" data-element_type=\"widget\" data-e-type=\"widget\" data-widget_type=\"spacer.default\">\n\t\t\t\t<div class=\"elementor-widget-container\">\n\t\t\t\t\t\t\t<div class=\"elementor-spacer\">\n\t\t\t<div class=\"elementor-spacer-inner\"><\/div>\n\t\t<\/div>\n\t\t\t\t\t\t<\/div>\n\t\t\t\t<\/div>\n\t\t\t\t<section class=\"elementor-section elementor-inner-section elementor-element elementor-element-529301f elementor-section-boxed elementor-section-height-default elementor-section-height-default\" data-id=\"529301f\" data-element_type=\"section\" data-e-type=\"section\">\n\t\t\t\t\t\t<div class=\"elementor-container elementor-column-gap-default\">\n\t\t\t\t\t<div class=\"elementor-column elementor-col-100 elementor-inner-column elementor-element elementor-element-7026033\" data-id=\"7026033\" data-element_type=\"column\" data-e-type=\"column\">\n\t\t\t<div class=\"elementor-widget-wrap elementor-element-populated\">\n\t\t\t\t\t\t<div class=\"elementor-element elementor-element-2587f72 elementor-widget__width-auto elementor-widget elementor-widget-heading\" data-id=\"2587f72\" data-element_type=\"widget\" data-e-type=\"widget\" data-widget_type=\"heading.default\">\n\t\t\t\t<div class=\"elementor-widget-container\">\n\t\t\t\t\t<h1 class=\"elementor-heading-title elementor-size-default\">Om\u202foss<\/h1>\t\t\t\t<\/div>\n\t\t\t\t<\/div>\n\t\t\t\t\t<\/div>\n\t\t<\/div>\n\t\t\t\t\t<\/div>\n\t\t<\/section>\n\t\t\t\t\t<\/div>\n\t\t<\/div>\n\t\t\t\t\t<\/div>\n\t\t<\/section>\n\t\t\t\t<section class=\"elementor-section elementor-top-section elementor-element elementor-element-d3d3abc elementor-section-boxed elementor-section-height-default elementor-section-height-default\" data-id=\"d3d3abc\" data-element_type=\"section\" data-e-type=\"section\" data-settings=\"{&quot;background_background&quot;:&quot;classic&quot;,&quot;background_image&quot;:{&quot;url&quot;:&quot;&quot;,&quot;id&quot;:&quot;&quot;,&quot;size&quot;:&quot;&quot;}}\">\n\t\t\t\t\t\t<div class=\"elementor-container elementor-column-gap-default\">\n\t\t\t\t\t<div class=\"elementor-column elementor-col-100 elementor-top-column elementor-element elementor-element-0b9f395\" data-id=\"0b9f395\" data-element_type=\"column\" data-e-type=\"column\" data-settings=\"{&quot;background_background&quot;:&quot;classic&quot;}\">\n\t\t\t<div class=\"elementor-widget-wrap elementor-element-populated\">\n\t\t\t\t\t\t<div class=\"elementor-element elementor-element-690cf58 elementor-widget elementor-widget-heading\" data-id=\"690cf58\" data-element_type=\"widget\" data-e-type=\"widget\" data-widget_type=\"heading.default\">\n\t\t\t\t<div class=\"elementor-widget-container\">\n\t\t\t\t\t<h2 class=\"elementor-heading-title elementor-size-default\">Animalia Association<\/h2>\t\t\t\t<\/div>\n\t\t\t\t<\/div>\n\t\t\t\t<div class=\"elementor-element elementor-element-2c4f29e elementor-widget elementor-widget-text-editor\" data-id=\"2c4f29e\" data-element_type=\"widget\" data-e-type=\"widget\" data-widget_type=\"text-editor.default\">\n\t\t\t\t<div class=\"elementor-widget-container\">\n\t\t\t\t\t\t\t\t\t<p>Suvilahdenkatu 4, 00500 Helsingfors<br \/>\nt. (09) 720 6590<br \/>\nanimalia@animalia.fi<\/p>\n<p>Animalia \u00e4r en djurr\u00e4ttsekspert och en icke-statlig organisation. Organisationens huvudsakliga verksamhet \u00e4r produktionsdjur, p\u00e4lsdjur och f\u00f6rs\u00f6ksdjur. Animalia Media \u00e4r en online-publiceringsplattform f\u00f6r Animalia magazine publicerad av Animalia Association.<\/p>\n\t\t\t\t\t\t\t\t<\/div>\n\t\t\t\t<\/div>\n\t\t\t\t<section class=\"elementor-section elementor-inner-section elementor-element elementor-element-abf8dd6 elementor-section-boxed elementor-section-height-default elementor-section-height-default\" data-id=\"abf8dd6\" data-element_type=\"section\" data-e-type=\"section\">\n\t\t\t\t\t\t<div class=\"elementor-container elementor-column-gap-default\">\n\t\t\t\t\t<div class=\"elementor-column elementor-col-50 elementor-inner-column elementor-element elementor-element-b24c813\" data-id=\"b24c813\" data-element_type=\"column\" data-e-type=\"column\">\n\t\t\t<div class=\"elementor-widget-wrap elementor-element-populated\">\n\t\t\t\t\t\t<div class=\"elementor-element elementor-element-5cb6779 elementor-widget elementor-widget-heading\" data-id=\"5cb6779\" data-element_type=\"widget\" data-e-type=\"widget\" data-widget_type=\"heading.default\">\n\t\t\t\t<div class=\"elementor-widget-container\">\n\t\t\t\t\t<h5 class=\"elementor-heading-title elementor-size-default\">Chefredakt\u00f6r och djurskyddsexpert<\/h5>\t\t\t\t<\/div>\n\t\t\t\t<\/div>\n\t\t\t\t<div class=\"elementor-element elementor-element-535a084 elementor-widget elementor-widget-text-editor\" data-id=\"535a084\" data-element_type=\"widget\" data-e-type=\"widget\" data-widget_type=\"text-editor.default\">\n\t\t\t\t<div class=\"elementor-widget-container\">\n\t\t\t\t\t\t\t\t\t<p>Laura Uotila<br \/>\nE-post <strong>laura.uotila@animalia.fi<\/strong><br \/>\nTelefon <strong>050 543 9601<\/strong><\/p>\n\t\t\t\t\t\t\t\t<\/div>\n\t\t\t\t<\/div>\n\t\t\t\t\t<\/div>\n\t\t<\/div>\n\t\t\t\t<div class=\"elementor-column elementor-col-50 elementor-inner-column elementor-element elementor-element-0e91b94\" data-id=\"0e91b94\" data-element_type=\"column\" data-e-type=\"column\">\n\t\t\t<div class=\"elementor-widget-wrap elementor-element-populated\">\n\t\t\t\t\t\t<div class=\"elementor-element elementor-element-4b849d6 elementor-widget elementor-widget-heading\" data-id=\"4b849d6\" data-element_type=\"widget\" data-e-type=\"widget\" data-widget_type=\"heading.default\">\n\t\t\t\t<div class=\"elementor-widget-container\">\n\t\t\t\t\t<h5 class=\"elementor-heading-title elementor-size-default\">Redigerande sekreterare och kommunikationschef<\/h5>\t\t\t\t<\/div>\n\t\t\t\t<\/div>\n\t\t\t\t<div class=\"elementor-element elementor-element-e2303b4 elementor-widget elementor-widget-text-editor\" data-id=\"e2303b4\" data-element_type=\"widget\" data-e-type=\"widget\" data-widget_type=\"text-editor.default\">\n\t\t\t\t<div class=\"elementor-widget-container\">\n\t\t\t\t\t\t\t\t\t<p>Taija Rinne<br \/>\nE-post <strong>taija.rinne@animalia.fi<br \/>\n<\/strong>Telefon <strong>050 302 8170<\/strong><\/p>\n\t\t\t\t\t\t\t\t<\/div>\n\t\t\t\t<\/div>\n\t\t\t\t\t<\/div>\n\t\t<\/div>\n\t\t\t\t\t<\/div>\n\t\t<\/section>\n\t\t\t\t<section class=\"elementor-section elementor-inner-section elementor-element elementor-element-8e9048e elementor-section-boxed elementor-section-height-default elementor-section-height-default\" data-id=\"8e9048e\" data-element_type=\"section\" data-e-type=\"section\">\n\t\t\t\t\t\t<div class=\"elementor-container elementor-column-gap-default\">\n\t\t\t\t\t<div class=\"elementor-column elementor-col-50 elementor-inner-column elementor-element elementor-element-39182d5\" data-id=\"39182d5\" data-element_type=\"column\" data-e-type=\"column\">\n\t\t\t<div class=\"elementor-widget-wrap elementor-element-populated\">\n\t\t\t\t\t\t<div class=\"elementor-element elementor-element-eac8c4b elementor-widget elementor-widget-heading\" data-id=\"eac8c4b\" data-element_type=\"widget\" data-e-type=\"widget\" data-widget_type=\"heading.default\">\n\t\t\t\t<div class=\"elementor-widget-container\">\n\t\t\t\t\t<h5 class=\"elementor-heading-title elementor-size-default\"><span style=\"font-size: 1.25rem\">Faksimilutg\u00e5vat<\/span><\/h5>\t\t\t\t<\/div>\n\t\t\t\t<\/div>\n\t\t\t\t<div class=\"elementor-element elementor-element-d3b3dc0 elementor-widget elementor-widget-text-editor\" data-id=\"d3b3dc0\" data-element_type=\"widget\" data-e-type=\"widget\" data-widget_type=\"text-editor.default\">\n\t\t\t\t<div class=\"elementor-widget-container\">\n\t\t\t\t\t\t\t\t\t<p>Du kan l\u00e4sa Animalia magazine <a href=\"https:\/\/issuu.com\/animaliary\" target=\"_blank\" rel=\"noopener\">h\u00e4r<\/a>.<\/p>\n\t\t\t\t\t\t\t\t<\/div>\n\t\t\t\t<\/div>\n\t\t\t\t\t<\/div>\n\t\t<\/div>\n\t\t\t\t<div class=\"elementor-column elementor-col-50 elementor-inner-column elementor-element elementor-element-f8b4958\" data-id=\"f8b4958\" data-element_type=\"column\" data-e-type=\"column\">\n\t\t\t<div class=\"elementor-widget-wrap elementor-element-populated\">\n\t\t\t\t\t\t<div class=\"elementor-element elementor-element-717b8cb elementor-widget elementor-widget-heading\" data-id=\"717b8cb\" data-element_type=\"widget\" data-e-type=\"widget\" data-widget_type=\"heading.default\">\n\t\t\t\t<div class=\"elementor-widget-container\">\n\t\t\t\t\t<h5 class=\"elementor-heading-title elementor-size-default\"> Vill du hj\u00e4lpa till?<\/h5>\t\t\t\t<\/div>\n\t\t\t\t<\/div>\n\t\t\t\t<div class=\"elementor-element elementor-element-ab519e4 elementor-widget elementor-widget-text-editor\" data-id=\"ab519e4\" data-element_type=\"widget\" data-e-type=\"widget\" data-widget_type=\"text-editor.default\">\n\t\t\t\t<div class=\"elementor-widget-container\">\n\t\t\t\t\t\t\t\t\t<p>Vi letar efter frivilliga f\u00f6r redaktionen f\u00f6r b\u00e5de Animalia och Animalia Media.<br \/>\nKontakt: <strong>laura.uotila@animalia.fi<\/strong><\/p>\n\t\t\t\t\t\t\t\t<\/div>\n\t\t\t\t<\/div>\n\t\t\t\t\t<\/div>\n\t\t<\/div>\n\t\t\t\t\t<\/div>\n\t\t<\/section>\n\t\t\t\t<section class=\"elementor-section elementor-inner-section elementor-element elementor-element-0d33567 elementor-section-boxed elementor-section-height-default elementor-section-height-default\" data-id=\"0d33567\" data-element_type=\"section\" data-e-type=\"section\">\n\t\t\t\t\t\t<div class=\"elementor-container elementor-column-gap-default\">\n\t\t\t\t\t<div class=\"elementor-column elementor-col-50 elementor-inner-column elementor-element elementor-element-083c184\" data-id=\"083c184\" data-element_type=\"column\" data-e-type=\"column\">\n\t\t\t<div class=\"elementor-widget-wrap elementor-element-populated\">\n\t\t\t\t\t\t<div class=\"elementor-element elementor-element-127643b elementor-widget elementor-widget-heading\" data-id=\"127643b\" data-element_type=\"widget\" data-e-type=\"widget\" data-widget_type=\"heading.default\">\n\t\t\t\t<div class=\"elementor-widget-container\">\n\t\t\t\t\t<h5 class=\"elementor-heading-title elementor-size-default\">F\u00f6r annons\u00f6rer<\/h5>\t\t\t\t<\/div>\n\t\t\t\t<\/div>\n\t\t\t\t<div class=\"elementor-element elementor-element-99c0cf0 elementor-widget elementor-widget-text-editor\" data-id=\"99c0cf0\" data-element_type=\"widget\" data-e-type=\"widget\" data-widget_type=\"text-editor.default\">\n\t\t\t\t<div class=\"elementor-widget-container\">\n\t\t\t\t\t\t\t\t\t<p>Annonserna publiceras i en pappersversion av Animalia. Medieinformation finns <a href=\"http:\/\/animalia.fi\/mediakortti\/\" target=\"_blank\" rel=\"noopener\">h\u00e4r<\/a>.<\/p>\n\t\t\t\t\t\t\t\t<\/div>\n\t\t\t\t<\/div>\n\t\t\t\t\t<\/div>\n\t\t<\/div>\n\t\t\t\t<div class=\"elementor-column elementor-col-50 elementor-inner-column elementor-element elementor-element-f4aea8f\" data-id=\"f4aea8f\" data-element_type=\"column\" data-e-type=\"column\">\n\t\t\t<div class=\"elementor-widget-wrap elementor-element-populated\">\n\t\t\t\t\t\t<div class=\"elementor-element elementor-element-0e4de0c elementor-widget elementor-widget-heading\" data-id=\"0e4de0c\" data-element_type=\"widget\" data-e-type=\"widget\" data-widget_type=\"heading.default\">\n\t\t\t\t<div class=\"elementor-widget-container\">\n\t\t\t\t\t<h5 class=\"elementor-heading-title elementor-size-default\">Abonnent tj\u00e4nster<\/h5>\t\t\t\t<\/div>\n\t\t\t\t<\/div>\n\t\t\t\t<div class=\"elementor-element elementor-element-1fd00bc elementor-widget elementor-widget-text-editor\" data-id=\"1fd00bc\" data-element_type=\"widget\" data-e-type=\"widget\" data-widget_type=\"text-editor.default\">\n\t\t\t\t<div class=\"elementor-widget-container\">\n\t\t\t\t\t\t\t\t\t<p>Best\u00e4ll Animalia Magazine <a href=\"http:\/\/animalia.fi\/animalia-lehti\/\" target=\"_blank\" rel=\"noopener\">h\u00e4r<\/a>.<\/p>\n\t\t\t\t\t\t\t\t<\/div>\n\t\t\t\t<\/div>\n\t\t\t\t\t<\/div>\n\t\t<\/div>\n\t\t\t\t\t<\/div>\n\t\t<\/section>\n\t\t\t\t<section class=\"elementor-section elementor-inner-section elementor-element elementor-element-162934f elementor-section-boxed elementor-section-height-default elementor-section-height-default\" data-id=\"162934f\" data-element_type=\"section\" data-e-type=\"section\">\n\t\t\t\t\t\t<div class=\"elementor-container elementor-column-gap-default\">\n\t\t\t\t\t<div class=\"elementor-column elementor-col-50 elementor-inner-column elementor-element elementor-element-a86c6f9\" data-id=\"a86c6f9\" data-element_type=\"column\" data-e-type=\"column\">\n\t\t\t<div class=\"elementor-widget-wrap elementor-element-populated\">\n\t\t\t\t\t\t<div class=\"elementor-element elementor-element-d03730d elementor-widget elementor-widget-heading\" data-id=\"d03730d\" data-element_type=\"widget\" data-e-type=\"widget\" data-widget_type=\"heading.default\">\n\t\t\t\t<div class=\"elementor-widget-container\">\n\t\t\t\t\t<h5 class=\"elementor-heading-title elementor-size-default\">Tillg\u00e4nglighet bipacksedel<\/h5>\t\t\t\t<\/div>\n\t\t\t\t<\/div>\n\t\t\t\t<div class=\"elementor-element elementor-element-e000d33 elementor-widget elementor-widget-text-editor\" data-id=\"e000d33\" data-element_type=\"widget\" data-e-type=\"widget\" data-widget_type=\"text-editor.default\">\n\t\t\t\t<div class=\"elementor-widget-container\">\n\t\t\t\t\t\t\t\t\t<p>Webbplatsen regleras av lagen om digitala tj\u00e4nster. Kolla in broschyren <a href=\"\/?page_id=19278\" target=\"_blank\" rel=\"noopener\">h\u00e4r<\/a>.<\/p>\n\t\t\t\t\t\t\t\t<\/div>\n\t\t\t\t<\/div>\n\t\t\t\t\t<\/div>\n\t\t<\/div>\n\t\t\t\t<div class=\"elementor-column elementor-col-50 elementor-inner-column elementor-element elementor-element-798a569\" data-id=\"798a569\" data-element_type=\"column\" data-e-type=\"column\">\n\t\t\t<div class=\"elementor-widget-wrap elementor-element-populated\">\n\t\t\t\t\t\t<div class=\"elementor-element elementor-element-cec8c0a elementor-widget elementor-widget-heading\" data-id=\"cec8c0a\" data-element_type=\"widget\" data-e-type=\"widget\" data-widget_type=\"heading.default\">\n\t\t\t\t<div class=\"elementor-widget-container\">\n\t\t\t\t\t<h5 class=\"elementor-heading-title elementor-size-default\"> L\u00e5na historier<\/h5>\t\t\t\t<\/div>\n\t\t\t\t<\/div>\n\t\t\t\t<div class=\"elementor-element elementor-element-ca075af elementor-widget elementor-widget-text-editor\" data-id=\"ca075af\" data-element_type=\"widget\" data-e-type=\"widget\" data-widget_type=\"text-editor.default\">\n\t\t\t\t<div class=\"elementor-widget-container\">\n\t\t\t\t\t\t\t\t\t<p>Kontakta laura.uotila@animalia.fi om du vill l\u00e5na en Animalia-mediehistoria f\u00f6r djurskydd och djurr\u00e4ttsliga \u00e4ndam\u00e5l.<\/p>\n\t\t\t\t\t\t\t\t<\/div>\n\t\t\t\t<\/div>\n\t\t\t\t\t<\/div>\n\t\t<\/div>\n\t\t\t\t\t<\/div>\n\t\t<\/section>\n\t\t\t\t<section class=\"elementor-section elementor-inner-section elementor-element elementor-element-5cc640a elementor-section-boxed elementor-section-height-default elementor-section-height-default\" data-id=\"5cc640a\" data-element_type=\"section\" data-e-type=\"section\">\n\t\t\t\t\t\t<div class=\"elementor-container elementor-column-gap-default\">\n\t\t\t\t\t<div class=\"elementor-column elementor-col-50 elementor-inner-column elementor-element elementor-element-4f4c35a\" data-id=\"4f4c35a\" data-element_type=\"column\" data-e-type=\"column\">\n\t\t\t<div class=\"elementor-widget-wrap elementor-element-populated\">\n\t\t\t\t\t\t\t<\/div>\n\t\t<\/div>\n\t\t\t\t<div class=\"elementor-column elementor-col-50 elementor-inner-column elementor-element elementor-element-ad11508\" data-id=\"ad11508\" data-element_type=\"column\" data-e-type=\"column\">\n\t\t\t<div class=\"elementor-widget-wrap\">\n\t\t\t\t\t\t\t<\/div>\n\t\t<\/div>\n\t\t\t\t\t<\/div>\n\t\t<\/section>\n\t\t\t\t\t<\/div>\n\t\t<\/div>\n\t\t\t\t\t<\/div>\n\t\t<\/section>\n\t\t\t\t<\/div>\n\t\t","protected":false},"excerpt":{"rendered":"<p>Om\u202foss Animalia Association Suvilahdenkatu 4, 00500 Helsingfors t. (09) 720 6590 animalia@animalia.fi Animalia \u00e4r en djurr\u00e4ttsekspert och en icke-statlig organisation. Organisationens huvudsakliga verksamhet \u00e4r produktionsdjur, p\u00e4lsdjur och f\u00f6rs\u00f6ksdjur. Animalia Media \u00e4r en online-publiceringsplattform f\u00f6r Animalia magazine publicerad av Animalia Association. Chefredakt\u00f6r och djurskyddsexpert Laura Uotila E-post laura.uotila@animalia.fi Telefon 050 543 9601 Redigerande sekreterare och kommunikationschef [&#8230;]<\/p>\n<p><a class=\"btn btn-secondary understrap-read-more-link\" href=\"https:\/\/animaliamedia.fi\/sv\/om%e2%80%afoss\/\">L\u00e4s mer<\/a><\/p>\n","protected":false},"author":63,"featured_media":0,"parent":0,"menu_order":0,"comment_status":"closed","ping_status":"closed","template":"elementor_header_footer","meta":{"_acf_changed":false,"footnotes":""},"class_list":["post-24092","page","type-page","status-publish","hentry"],"acf":[],"yoast_head":"<!-- This site is optimized with the Yoast SEO plugin v27.1.1 - https:\/\/yoast.com\/product\/yoast-seo-wordpress\/ -->\n<title>Om\u202foss | Animalia-media<\/title>\n<meta name=\"robots\" content=\"index, follow, max-snippet:-1, max-image-preview:large, max-video-preview:-1\" \/>\n<link rel=\"canonical\" href=\"https:\/\/animaliamedia.fi\/sv\/om%e2%80%afoss\/\" \/>\n<meta property=\"og:locale\" content=\"sv_SE\" \/>\n<meta property=\"og:type\" content=\"article\" \/>\n<meta property=\"og:title\" content=\"Om\u202foss | Animalia-media\" \/>\n<meta property=\"og:description\" content=\"Om\u202foss Animalia Association Suvilahdenkatu 4, 00500 Helsingfors t. (09) 720 6590 animalia@animalia.fi Animalia \u00e4r en djurr\u00e4ttsekspert och en icke-statlig organisation. Organisationens huvudsakliga verksamhet \u00e4r produktionsdjur, p\u00e4lsdjur och f\u00f6rs\u00f6ksdjur. Animalia Media \u00e4r en online-publiceringsplattform f\u00f6r Animalia magazine publicerad av Animalia Association. Chefredakt\u00f6r och djurskyddsexpert Laura Uotila E-post laura.uotila@animalia.fi Telefon 050 543 9601 Redigerande sekreterare och kommunikationschef [...]L\u00e4s mer\" \/>\n<meta property=\"og:url\" content=\"https:\/\/animaliamedia.fi\/sv\/om%e2%80%afoss\/\" \/>\n<meta property=\"og:site_name\" content=\"Animalia-media\" \/>\n<meta property=\"article:modified_time\" content=\"2020-03-31T11:21:40+00:00\" \/>\n<meta name=\"twitter:card\" content=\"summary_large_image\" \/>\n<meta name=\"twitter:label1\" content=\"Ber\u00e4knad l\u00e4stid\" \/>\n\t<meta name=\"twitter:data1\" content=\"1 minut\" \/>\n<script type=\"application\/ld+json\" class=\"yoast-schema-graph\">{\"@context\":\"https:\/\/schema.org\",\"@graph\":[{\"@type\":\"WebPage\",\"@id\":\"https:\/\/animaliamedia.fi\/sv\/om%e2%80%afoss\/\",\"url\":\"https:\/\/animaliamedia.fi\/sv\/om%e2%80%afoss\/\",\"name\":\"Om\u202foss | Animalia-media\",\"isPartOf\":{\"@id\":\"https:\/\/animaliamedia.fi\/sv\/#website\"},\"datePublished\":\"2020-03-31T11:21:39+00:00\",\"dateModified\":\"2020-03-31T11:21:40+00:00\",\"breadcrumb\":{\"@id\":\"https:\/\/animaliamedia.fi\/sv\/om%e2%80%afoss\/#breadcrumb\"},\"inLanguage\":\"sv-SE\",\"potentialAction\":[{\"@type\":\"ReadAction\",\"target\":[\"https:\/\/animaliamedia.fi\/sv\/om%e2%80%afoss\/\"]}]},{\"@type\":\"BreadcrumbList\",\"@id\":\"https:\/\/animaliamedia.fi\/sv\/om%e2%80%afoss\/#breadcrumb\",\"itemListElement\":[{\"@type\":\"ListItem\",\"position\":1,\"name\":\"Home\",\"item\":\"https:\/\/animaliamedia.fi\/sv\/\"},{\"@type\":\"ListItem\",\"position\":2,\"name\":\"Om\u202foss\"}]},{\"@type\":\"WebSite\",\"@id\":\"https:\/\/animaliamedia.fi\/sv\/#website\",\"url\":\"https:\/\/animaliamedia.fi\/sv\/\",\"name\":\"Animalia-media\",\"description\":\"\",\"publisher\":{\"@id\":\"https:\/\/animaliamedia.fi\/sv\/#organization\"},\"potentialAction\":[{\"@type\":\"SearchAction\",\"target\":{\"@type\":\"EntryPoint\",\"urlTemplate\":\"https:\/\/animaliamedia.fi\/sv\/?s={search_term_string}\"},\"query-input\":{\"@type\":\"PropertyValueSpecification\",\"valueRequired\":true,\"valueName\":\"search_term_string\"}}],\"inLanguage\":\"sv-SE\"},{\"@type\":\"Organization\",\"@id\":\"https:\/\/animaliamedia.fi\/sv\/#organization\",\"name\":\"Animalia\",\"url\":\"https:\/\/animaliamedia.fi\/sv\/\",\"logo\":{\"@type\":\"ImageObject\",\"inLanguage\":\"sv-SE\",\"@id\":\"https:\/\/animaliamedia.fi\/sv\/#\/schema\/logo\/image\/\",\"url\":\"https:\/\/animaliamedia.fi\/wp-content\/uploads\/animalia-media-logo-www4.png\",\"contentUrl\":\"https:\/\/animaliamedia.fi\/wp-content\/uploads\/animalia-media-logo-www4.png\",\"width\":801,\"height\":130,\"caption\":\"Animalia\"},\"image\":{\"@id\":\"https:\/\/animaliamedia.fi\/sv\/#\/schema\/logo\/image\/\"}}]}<\/script>\n<!-- \/ Yoast SEO plugin. -->","yoast_head_json":{"title":"Om\u202foss | Animalia-media","robots":{"index":"index","follow":"follow","max-snippet":"max-snippet:-1","max-image-preview":"max-image-preview:large","max-video-preview":"max-video-preview:-1"},"canonical":"https:\/\/animaliamedia.fi\/sv\/om%e2%80%afoss\/","og_locale":"sv_SE","og_type":"article","og_title":"Om\u202foss | Animalia-media","og_description":"Om\u202foss Animalia Association Suvilahdenkatu 4, 00500 Helsingfors t. (09) 720 6590 animalia@animalia.fi Animalia \u00e4r en djurr\u00e4ttsekspert och en icke-statlig organisation. Organisationens huvudsakliga verksamhet \u00e4r produktionsdjur, p\u00e4lsdjur och f\u00f6rs\u00f6ksdjur. Animalia Media \u00e4r en online-publiceringsplattform f\u00f6r Animalia magazine publicerad av Animalia Association. Chefredakt\u00f6r och djurskyddsexpert Laura Uotila E-post laura.uotila@animalia.fi Telefon 050 543 9601 Redigerande sekreterare och kommunikationschef [...]L\u00e4s mer","og_url":"https:\/\/animaliamedia.fi\/sv\/om%e2%80%afoss\/","og_site_name":"Animalia-media","article_modified_time":"2020-03-31T11:21:40+00:00","twitter_card":"summary_large_image","twitter_misc":{"Ber\u00e4knad l\u00e4stid":"1 minut"},"schema":{"@context":"https:\/\/schema.org","@graph":[{"@type":"WebPage","@id":"https:\/\/animaliamedia.fi\/sv\/om%e2%80%afoss\/","url":"https:\/\/animaliamedia.fi\/sv\/om%e2%80%afoss\/","name":"Om\u202foss | Animalia-media","isPartOf":{"@id":"https:\/\/animaliamedia.fi\/sv\/#website"},"datePublished":"2020-03-31T11:21:39+00:00","dateModified":"2020-03-31T11:21:40+00:00","breadcrumb":{"@id":"https:\/\/animaliamedia.fi\/sv\/om%e2%80%afoss\/#breadcrumb"},"inLanguage":"sv-SE","potentialAction":[{"@type":"ReadAction","target":["https:\/\/animaliamedia.fi\/sv\/om%e2%80%afoss\/"]}]},{"@type":"BreadcrumbList","@id":"https:\/\/animaliamedia.fi\/sv\/om%e2%80%afoss\/#breadcrumb","itemListElement":[{"@type":"ListItem","position":1,"name":"Home","item":"https:\/\/animaliamedia.fi\/sv\/"},{"@type":"ListItem","position":2,"name":"Om\u202foss"}]},{"@type":"WebSite","@id":"https:\/\/animaliamedia.fi\/sv\/#website","url":"https:\/\/animaliamedia.fi\/sv\/","name":"Animalia-media","description":"","publisher":{"@id":"https:\/\/animaliamedia.fi\/sv\/#organization"},"potentialAction":[{"@type":"SearchAction","target":{"@type":"EntryPoint","urlTemplate":"https:\/\/animaliamedia.fi\/sv\/?s={search_term_string}"},"query-input":{"@type":"PropertyValueSpecification","valueRequired":true,"valueName":"search_term_string"}}],"inLanguage":"sv-SE"},{"@type":"Organization","@id":"https:\/\/animaliamedia.fi\/sv\/#organization","name":"Animalia","url":"https:\/\/animaliamedia.fi\/sv\/","logo":{"@type":"ImageObject","inLanguage":"sv-SE","@id":"https:\/\/animaliamedia.fi\/sv\/#\/schema\/logo\/image\/","url":"https:\/\/animaliamedia.fi\/wp-content\/uploads\/animalia-media-logo-www4.png","contentUrl":"https:\/\/animaliamedia.fi\/wp-content\/uploads\/animalia-media-logo-www4.png","width":801,"height":130,"caption":"Animalia"},"image":{"@id":"https:\/\/animaliamedia.fi\/sv\/#\/schema\/logo\/image\/"}}]}},"_links":{"self":[{"href":"https:\/\/animaliamedia.fi\/sv\/wp-json\/wp\/v2\/pages\/24092","targetHints":{"allow":["GET"]}}],"collection":[{"href":"https:\/\/animaliamedia.fi\/sv\/wp-json\/wp\/v2\/pages"}],"about":[{"href":"https:\/\/animaliamedia.fi\/sv\/wp-json\/wp\/v2\/types\/page"}],"author":[{"embeddable":true,"href":"https:\/\/animaliamedia.fi\/sv\/wp-json\/wp\/v2\/users\/63"}],"replies":[{"embeddable":true,"href":"https:\/\/animaliamedia.fi\/sv\/wp-json\/wp\/v2\/comments?post=24092"}],"version-history":[{"count":1,"href":"https:\/\/animaliamedia.fi\/sv\/wp-json\/wp\/v2\/pages\/24092\/revisions"}],"predecessor-version":[{"id":24093,"href":"https:\/\/animaliamedia.fi\/sv\/wp-json\/wp\/v2\/pages\/24092\/revisions\/24093"}],"wp:attachment":[{"href":"https:\/\/animaliamedia.fi\/sv\/wp-json\/wp\/v2\/media?parent=24092"}],"curies":[{"name":"wp","href":"https:\/\/api.w.org\/{rel}","templated":true}]}}