{"id":24096,"date":"2020-03-31T14:23:51","date_gmt":"2020-03-31T11:23:51","guid":{"rendered":"https:\/\/animaliamedia.fi\/kolumner\/"},"modified":"2020-03-31T14:23:51","modified_gmt":"2020-03-31T11:23:51","slug":"kolumner","status":"publish","type":"page","link":"https:\/\/animaliamedia.fi\/sv\/kolumner\/","title":{"rendered":"Kolumner"},"content":{"rendered":"\t\t<div data-elementor-type=\"wp-page\" data-elementor-id=\"24096\" class=\"elementor elementor-24096 elementor-20827\" data-elementor-post-type=\"page\">\n\t\t\t\t\t\t<section class=\"elementor-section elementor-top-section elementor-element elementor-element-59f96b8 elementor-section-boxed elementor-section-height-default elementor-section-height-default\" data-id=\"59f96b8\" data-element_type=\"section\" data-e-type=\"section\">\n\t\t\t\t\t\t<div class=\"elementor-container elementor-column-gap-default\">\n\t\t\t\t\t<div class=\"elementor-column elementor-col-100 elementor-top-column elementor-element elementor-element-1d3ad36\" data-id=\"1d3ad36\" data-element_type=\"column\" data-e-type=\"column\">\n\t\t\t<div class=\"elementor-widget-wrap elementor-element-populated\">\n\t\t\t\t\t\t<div class=\"elementor-element elementor-element-2587f72 elementor-widget elementor-widget-heading\" data-id=\"2587f72\" data-element_type=\"widget\" data-e-type=\"widget\" data-widget_type=\"heading.default\">\n\t\t\t\t<div class=\"elementor-widget-container\">\n\t\t\t\t\t<h1 class=\"elementor-heading-title elementor-size-default\">Kolumner<\/h1>\t\t\t\t<\/div>\n\t\t\t\t<\/div>\n\t\t\t\t<div class=\"elementor-element elementor-element-0f5c8a3 ee-grid-columns-4 ee-posts-thumbnail-ratio ee-posts-align-bottom ee-grid-columns-tablet-2 ee-grid-columns-mobile-1 ee-grid-align--stretch ee-grid-halign--left elementor-widget elementor-widget-posts-extra\" data-id=\"0f5c8a3\" data-element_type=\"widget\" data-e-type=\"widget\" data-settings=\"{&quot;columns&quot;:&quot;4&quot;,&quot;classic_grid_columns_spacing&quot;:{&quot;unit&quot;:&quot;px&quot;,&quot;size&quot;:11,&quot;sizes&quot;:[]},&quot;classic_grid_columns_spacing_mobile&quot;:{&quot;unit&quot;:&quot;px&quot;,&quot;size&quot;:&quot;&quot;,&quot;sizes&quot;:[]},&quot;classic_infinite_scroll&quot;:&quot;yes&quot;,&quot;classic_infinite_scroll_button&quot;:&quot;yes&quot;,&quot;columns_tablet&quot;:&quot;2&quot;,&quot;columns_mobile&quot;:&quot;1&quot;,&quot;classic_layout&quot;:&quot;default&quot;,&quot;classic_grid_columns_spacing_tablet&quot;:{&quot;unit&quot;:&quot;px&quot;,&quot;size&quot;:12,&quot;sizes&quot;:[]}}\" data-widget_type=\"posts-extra.classic\">\n\t\t\t\t<div class=\"elementor-widget-container\">\n\t\t\t\t\t<div class=\"ee-posts__nothing-found\">It seems we can't find what you're looking for.<\/div>\t\t\t\t<\/div>\n\t\t\t\t<\/div>\n\t\t\t\t\t<\/div>\n\t\t<\/div>\n\t\t\t\t\t<\/div>\n\t\t<\/section>\n\t\t\t\t<\/div>\n\t\t","protected":false},"excerpt":{"rendered":"<p>Kolumner Koronavirus muuttaa, mutta ei pys\u00e4yt\u00e4 Kunnioittavan et\u00e4isyyden p\u00e4\u00e4st\u00e4 Turkisalan kriisi on mahdollisuus Turkisala loi uuden hyvinvointisertifioinnin \u2013 tarvitaanko en\u00e4\u00e4 el\u00e4insuojelua? Vastuulliset matkailijat eiv\u00e4t tue el\u00e4inten k\u00e4ytt\u00f6\u00e4 viihteess\u00e4 Iltasatu Turkistarhaus loppuu my\u00f6s Suomesta, vaikka ala ei viel\u00e4 my\u00f6nn\u00e4 sit\u00e4 Rakastamisen taito Possuneidit Siiri ja Saara, sikamaisen onnekkaita el\u00e4imi\u00e4 Hiiri ei ole ihminen \u2013 eettinen keskustelu [&#8230;]<\/p>\n<p><a class=\"btn btn-secondary understrap-read-more-link\" href=\"https:\/\/animaliamedia.fi\/sv\/kolumner\/\">L\u00e4s mer<\/a><\/p>\n","protected":false},"author":63,"featured_media":0,"parent":0,"menu_order":0,"comment_status":"closed","ping_status":"closed","template":"elementor_header_footer","meta":{"_acf_changed":false,"footnotes":""},"class_list":["post-24096","page","type-page","status-publish","hentry"],"acf":[],"yoast_head":"<!-- This site is optimized with the Yoast SEO plugin v27.1.1 - https:\/\/yoast.com\/product\/yoast-seo-wordpress\/ -->\n<title>Kolumner | Animalia-media<\/title>\n<meta name=\"robots\" content=\"index, follow, max-snippet:-1, max-image-preview:large, max-video-preview:-1\" \/>\n<link rel=\"canonical\" href=\"https:\/\/animaliamedia.fi\/sv\/kolumner\/\" \/>\n<meta property=\"og:locale\" content=\"sv_SE\" \/>\n<meta property=\"og:type\" content=\"article\" \/>\n<meta property=\"og:title\" content=\"Kolumner | Animalia-media\" \/>\n<meta property=\"og:description\" content=\"Kolumner Koronavirus muuttaa, mutta ei pys\u00e4yt\u00e4 Kunnioittavan et\u00e4isyyden p\u00e4\u00e4st\u00e4 Turkisalan kriisi on mahdollisuus Turkisala loi uuden hyvinvointisertifioinnin \u2013 tarvitaanko en\u00e4\u00e4 el\u00e4insuojelua? Vastuulliset matkailijat eiv\u00e4t tue el\u00e4inten k\u00e4ytt\u00f6\u00e4 viihteess\u00e4 Iltasatu Turkistarhaus loppuu my\u00f6s Suomesta, vaikka ala ei viel\u00e4 my\u00f6nn\u00e4 sit\u00e4 Rakastamisen taito Possuneidit Siiri ja Saara, sikamaisen onnekkaita el\u00e4imi\u00e4 Hiiri ei ole ihminen \u2013 eettinen keskustelu [...]L\u00e4s mer\" \/>\n<meta property=\"og:url\" content=\"https:\/\/animaliamedia.fi\/sv\/kolumner\/\" \/>\n<meta property=\"og:site_name\" content=\"Animalia-media\" \/>\n<meta property=\"og:image\" content=\"https:\/\/animaliamedia.fi\/wp-content\/uploads\/rotiv-artic-fLL6q29IccA-unsplash-800x419.jpg\" \/>\n<meta name=\"twitter:card\" content=\"summary_large_image\" \/>\n<meta name=\"twitter:label1\" content=\"Ber\u00e4knad l\u00e4stid\" \/>\n\t<meta name=\"twitter:data1\" content=\"1 minut\" \/>\n<script type=\"application\/ld+json\" class=\"yoast-schema-graph\">{\"@context\":\"https:\/\/schema.org\",\"@graph\":[{\"@type\":\"WebPage\",\"@id\":\"https:\/\/animaliamedia.fi\/sv\/kolumner\/\",\"url\":\"https:\/\/animaliamedia.fi\/sv\/kolumner\/\",\"name\":\"Kolumner | Animalia-media\",\"isPartOf\":{\"@id\":\"https:\/\/animaliamedia.fi\/sv\/#website\"},\"primaryImageOfPage\":{\"@id\":\"https:\/\/animaliamedia.fi\/sv\/kolumner\/#primaryimage\"},\"image\":{\"@id\":\"https:\/\/animaliamedia.fi\/sv\/kolumner\/#primaryimage\"},\"thumbnailUrl\":\"https:\/\/animaliamedia.fi\/wp-content\/uploads\/rotiv-artic-fLL6q29IccA-unsplash-800x419.jpg\",\"datePublished\":\"2020-03-31T11:23:51+00:00\",\"breadcrumb\":{\"@id\":\"https:\/\/animaliamedia.fi\/sv\/kolumner\/#breadcrumb\"},\"inLanguage\":\"sv-SE\",\"potentialAction\":[{\"@type\":\"ReadAction\",\"target\":[\"https:\/\/animaliamedia.fi\/sv\/kolumner\/\"]}]},{\"@type\":\"ImageObject\",\"inLanguage\":\"sv-SE\",\"@id\":\"https:\/\/animaliamedia.fi\/sv\/kolumner\/#primaryimage\",\"url\":\"https:\/\/animaliamedia.fi\/wp-content\/uploads\/rotiv-artic-fLL6q29IccA-unsplash-800x419.jpg\",\"contentUrl\":\"https:\/\/animaliamedia.fi\/wp-content\/uploads\/rotiv-artic-fLL6q29IccA-unsplash-800x419.jpg\"},{\"@type\":\"BreadcrumbList\",\"@id\":\"https:\/\/animaliamedia.fi\/sv\/kolumner\/#breadcrumb\",\"itemListElement\":[{\"@type\":\"ListItem\",\"position\":1,\"name\":\"Home\",\"item\":\"https:\/\/animaliamedia.fi\/sv\/\"},{\"@type\":\"ListItem\",\"position\":2,\"name\":\"Kolumner\"}]},{\"@type\":\"WebSite\",\"@id\":\"https:\/\/animaliamedia.fi\/sv\/#website\",\"url\":\"https:\/\/animaliamedia.fi\/sv\/\",\"name\":\"Animalia-media\",\"description\":\"\",\"publisher\":{\"@id\":\"https:\/\/animaliamedia.fi\/sv\/#organization\"},\"potentialAction\":[{\"@type\":\"SearchAction\",\"target\":{\"@type\":\"EntryPoint\",\"urlTemplate\":\"https:\/\/animaliamedia.fi\/sv\/?s={search_term_string}\"},\"query-input\":{\"@type\":\"PropertyValueSpecification\",\"valueRequired\":true,\"valueName\":\"search_term_string\"}}],\"inLanguage\":\"sv-SE\"},{\"@type\":\"Organization\",\"@id\":\"https:\/\/animaliamedia.fi\/sv\/#organization\",\"name\":\"Animalia\",\"url\":\"https:\/\/animaliamedia.fi\/sv\/\",\"logo\":{\"@type\":\"ImageObject\",\"inLanguage\":\"sv-SE\",\"@id\":\"https:\/\/animaliamedia.fi\/sv\/#\/schema\/logo\/image\/\",\"url\":\"https:\/\/animaliamedia.fi\/wp-content\/uploads\/animalia-media-logo-www4.png\",\"contentUrl\":\"https:\/\/animaliamedia.fi\/wp-content\/uploads\/animalia-media-logo-www4.png\",\"width\":801,\"height\":130,\"caption\":\"Animalia\"},\"image\":{\"@id\":\"https:\/\/animaliamedia.fi\/sv\/#\/schema\/logo\/image\/\"}}]}<\/script>\n<!-- \/ Yoast SEO plugin. -->","yoast_head_json":{"title":"Kolumner | Animalia-media","robots":{"index":"index","follow":"follow","max-snippet":"max-snippet:-1","max-image-preview":"max-image-preview:large","max-video-preview":"max-video-preview:-1"},"canonical":"https:\/\/animaliamedia.fi\/sv\/kolumner\/","og_locale":"sv_SE","og_type":"article","og_title":"Kolumner | Animalia-media","og_description":"Kolumner Koronavirus muuttaa, mutta ei pys\u00e4yt\u00e4 Kunnioittavan et\u00e4isyyden p\u00e4\u00e4st\u00e4 Turkisalan kriisi on mahdollisuus Turkisala loi uuden hyvinvointisertifioinnin \u2013 tarvitaanko en\u00e4\u00e4 el\u00e4insuojelua? Vastuulliset matkailijat eiv\u00e4t tue el\u00e4inten k\u00e4ytt\u00f6\u00e4 viihteess\u00e4 Iltasatu Turkistarhaus loppuu my\u00f6s Suomesta, vaikka ala ei viel\u00e4 my\u00f6nn\u00e4 sit\u00e4 Rakastamisen taito Possuneidit Siiri ja Saara, sikamaisen onnekkaita el\u00e4imi\u00e4 Hiiri ei ole ihminen \u2013 eettinen keskustelu [...]L\u00e4s mer","og_url":"https:\/\/animaliamedia.fi\/sv\/kolumner\/","og_site_name":"Animalia-media","og_image":[{"url":"https:\/\/animaliamedia.fi\/wp-content\/uploads\/rotiv-artic-fLL6q29IccA-unsplash-800x419.jpg","type":"","width":"","height":""}],"twitter_card":"summary_large_image","twitter_misc":{"Ber\u00e4knad l\u00e4stid":"1 minut"},"schema":{"@context":"https:\/\/schema.org","@graph":[{"@type":"WebPage","@id":"https:\/\/animaliamedia.fi\/sv\/kolumner\/","url":"https:\/\/animaliamedia.fi\/sv\/kolumner\/","name":"Kolumner | Animalia-media","isPartOf":{"@id":"https:\/\/animaliamedia.fi\/sv\/#website"},"primaryImageOfPage":{"@id":"https:\/\/animaliamedia.fi\/sv\/kolumner\/#primaryimage"},"image":{"@id":"https:\/\/animaliamedia.fi\/sv\/kolumner\/#primaryimage"},"thumbnailUrl":"https:\/\/animaliamedia.fi\/wp-content\/uploads\/rotiv-artic-fLL6q29IccA-unsplash-800x419.jpg","datePublished":"2020-03-31T11:23:51+00:00","breadcrumb":{"@id":"https:\/\/animaliamedia.fi\/sv\/kolumner\/#breadcrumb"},"inLanguage":"sv-SE","potentialAction":[{"@type":"ReadAction","target":["https:\/\/animaliamedia.fi\/sv\/kolumner\/"]}]},{"@type":"ImageObject","inLanguage":"sv-SE","@id":"https:\/\/animaliamedia.fi\/sv\/kolumner\/#primaryimage","url":"https:\/\/animaliamedia.fi\/wp-content\/uploads\/rotiv-artic-fLL6q29IccA-unsplash-800x419.jpg","contentUrl":"https:\/\/animaliamedia.fi\/wp-content\/uploads\/rotiv-artic-fLL6q29IccA-unsplash-800x419.jpg"},{"@type":"BreadcrumbList","@id":"https:\/\/animaliamedia.fi\/sv\/kolumner\/#breadcrumb","itemListElement":[{"@type":"ListItem","position":1,"name":"Home","item":"https:\/\/animaliamedia.fi\/sv\/"},{"@type":"ListItem","position":2,"name":"Kolumner"}]},{"@type":"WebSite","@id":"https:\/\/animaliamedia.fi\/sv\/#website","url":"https:\/\/animaliamedia.fi\/sv\/","name":"Animalia-media","description":"","publisher":{"@id":"https:\/\/animaliamedia.fi\/sv\/#organization"},"potentialAction":[{"@type":"SearchAction","target":{"@type":"EntryPoint","urlTemplate":"https:\/\/animaliamedia.fi\/sv\/?s={search_term_string}"},"query-input":{"@type":"PropertyValueSpecification","valueRequired":true,"valueName":"search_term_string"}}],"inLanguage":"sv-SE"},{"@type":"Organization","@id":"https:\/\/animaliamedia.fi\/sv\/#organization","name":"Animalia","url":"https:\/\/animaliamedia.fi\/sv\/","logo":{"@type":"ImageObject","inLanguage":"sv-SE","@id":"https:\/\/animaliamedia.fi\/sv\/#\/schema\/logo\/image\/","url":"https:\/\/animaliamedia.fi\/wp-content\/uploads\/animalia-media-logo-www4.png","contentUrl":"https:\/\/animaliamedia.fi\/wp-content\/uploads\/animalia-media-logo-www4.png","width":801,"height":130,"caption":"Animalia"},"image":{"@id":"https:\/\/animaliamedia.fi\/sv\/#\/schema\/logo\/image\/"}}]}},"_links":{"self":[{"href":"https:\/\/animaliamedia.fi\/sv\/wp-json\/wp\/v2\/pages\/24096","targetHints":{"allow":["GET"]}}],"collection":[{"href":"https:\/\/animaliamedia.fi\/sv\/wp-json\/wp\/v2\/pages"}],"about":[{"href":"https:\/\/animaliamedia.fi\/sv\/wp-json\/wp\/v2\/types\/page"}],"author":[{"embeddable":true,"href":"https:\/\/animaliamedia.fi\/sv\/wp-json\/wp\/v2\/users\/63"}],"replies":[{"embeddable":true,"href":"https:\/\/animaliamedia.fi\/sv\/wp-json\/wp\/v2\/comments?post=24096"}],"version-history":[{"count":1,"href":"https:\/\/animaliamedia.fi\/sv\/wp-json\/wp\/v2\/pages\/24096\/revisions"}],"predecessor-version":[{"id":24097,"href":"https:\/\/animaliamedia.fi\/sv\/wp-json\/wp\/v2\/pages\/24096\/revisions\/24097"}],"wp:attachment":[{"href":"https:\/\/animaliamedia.fi\/sv\/wp-json\/wp\/v2\/media?parent=24096"}],"curies":[{"name":"wp","href":"https:\/\/api.w.org\/{rel}","templated":true}]}}