{"id":24100,"date":"2020-03-31T14:25:45","date_gmt":"2020-03-31T11:25:45","guid":{"rendered":"https:\/\/animaliamedia.fi\/langa%e2%80%afartiklar\/"},"modified":"2020-03-31T17:48:19","modified_gmt":"2020-03-31T14:48:19","slug":"langa-artiklar","status":"publish","type":"page","link":"https:\/\/animaliamedia.fi\/sv\/langa-artiklar\/","title":{"rendered":"L\u00e5nga artiklar"},"content":{"rendered":"\t\t<div data-elementor-type=\"wp-page\" data-elementor-id=\"24100\" class=\"elementor elementor-24100 elementor-20801\" data-elementor-post-type=\"page\">\n\t\t\t\t\t\t<section class=\"elementor-section elementor-top-section elementor-element elementor-element-59f96b8 elementor-section-boxed elementor-section-height-default elementor-section-height-default\" data-id=\"59f96b8\" data-element_type=\"section\" data-e-type=\"section\">\n\t\t\t\t\t\t<div class=\"elementor-container elementor-column-gap-default\">\n\t\t\t\t\t<div class=\"elementor-column elementor-col-100 elementor-top-column elementor-element elementor-element-1d3ad36\" data-id=\"1d3ad36\" data-element_type=\"column\" data-e-type=\"column\">\n\t\t\t<div class=\"elementor-widget-wrap elementor-element-populated\">\n\t\t\t\t\t\t<div class=\"elementor-element elementor-element-2587f72 elementor-widget elementor-widget-heading\" data-id=\"2587f72\" data-element_type=\"widget\" data-e-type=\"widget\" data-widget_type=\"heading.default\">\n\t\t\t\t<div class=\"elementor-widget-container\">\n\t\t\t\t\t<h1 class=\"elementor-heading-title elementor-size-default\">L\u00e5nga artiklar<\/h1>\t\t\t\t<\/div>\n\t\t\t\t<\/div>\n\t\t\t\t<div class=\"elementor-element elementor-element-0f5c8a3 ee-grid-columns-4 ee-posts-thumbnail-ratio ee-posts-align-bottom ee-grid-columns-tablet-2 ee-grid-columns-mobile-1 ee-grid-align--stretch ee-grid-halign--left elementor-widget elementor-widget-posts-extra\" data-id=\"0f5c8a3\" data-element_type=\"widget\" data-e-type=\"widget\" data-settings=\"{&quot;columns&quot;:&quot;4&quot;,&quot;classic_grid_columns_spacing&quot;:{&quot;unit&quot;:&quot;px&quot;,&quot;size&quot;:11,&quot;sizes&quot;:[]},&quot;classic_grid_columns_spacing_mobile&quot;:{&quot;unit&quot;:&quot;px&quot;,&quot;size&quot;:&quot;&quot;,&quot;sizes&quot;:[]},&quot;classic_infinite_scroll&quot;:&quot;yes&quot;,&quot;classic_infinite_scroll_button&quot;:&quot;yes&quot;,&quot;columns_tablet&quot;:&quot;2&quot;,&quot;columns_mobile&quot;:&quot;1&quot;,&quot;classic_layout&quot;:&quot;default&quot;,&quot;classic_grid_columns_spacing_tablet&quot;:{&quot;unit&quot;:&quot;px&quot;,&quot;size&quot;:12,&quot;sizes&quot;:[]}}\" data-widget_type=\"posts-extra.classic\">\n\t\t\t\t<div class=\"elementor-widget-container\">\n\t\t\t\t\t<div class=\"ee-posts__nothing-found\">It seems we can't find what you're looking for.<\/div>\t\t\t\t<\/div>\n\t\t\t\t<\/div>\n\t\t\t\t\t<\/div>\n\t\t<\/div>\n\t\t\t\t\t<\/div>\n\t\t<\/section>\n\t\t\t\t<\/div>\n\t\t","protected":false},"excerpt":{"rendered":"<p>L\u00e5nga artiklar P\u00e4iv\u00e4kirjan sivuilta Porvooseen \u2013 Saparom\u00e4en rakennusty\u00f6t etenev\u00e4t epidemian keskell\u00e4kin El\u00e4inaktivismi on raskasta, mutta Maarit Auranen ei suostu vaikenemaan Onko suomalainen naudanliha ekotuote vai viherpesua? Nautoja kuljetetaan edelleen s\u00e4\u00e4nt\u00f6jen vastaisesti EU:ssa Koronavirus aiheuttaa ahdinkoa sappikarhujen turvakodeissa Kiinassa Lehmien laiduntaminen on yh\u00e4 harvinaisempaa El\u00e4indokumentit j\u00e4tt\u00e4v\u00e4t j\u00e4lkens\u00e4 el\u00e4insuhteeseemme Vegemessut toimii vastuullisten valintojen uranuurtajana Ruokaraivo \u2013 miksi [&#8230;]<\/p>\n<p><a class=\"btn btn-secondary understrap-read-more-link\" href=\"https:\/\/animaliamedia.fi\/sv\/langa-artiklar\/\">L\u00e4s mer<\/a><\/p>\n","protected":false},"author":63,"featured_media":0,"parent":0,"menu_order":0,"comment_status":"closed","ping_status":"closed","template":"elementor_header_footer","meta":{"_acf_changed":false,"footnotes":""},"class_list":["post-24100","page","type-page","status-publish","hentry"],"acf":[],"yoast_head":"<!-- This site is optimized with the Yoast SEO plugin v27.1.1 - https:\/\/yoast.com\/product\/yoast-seo-wordpress\/ -->\n<title>L\u00e5nga\u202fartiklar | Animalia-media<\/title>\n<meta name=\"robots\" content=\"index, follow, max-snippet:-1, max-image-preview:large, max-video-preview:-1\" \/>\n<link rel=\"canonical\" href=\"https:\/\/animaliamedia.fi\/sv\/langa-artiklar\/\" \/>\n<meta property=\"og:locale\" content=\"sv_SE\" \/>\n<meta property=\"og:type\" content=\"article\" \/>\n<meta property=\"og:title\" content=\"L\u00e5nga\u202fartiklar | Animalia-media\" \/>\n<meta property=\"og:description\" content=\"L\u00e5nga artiklar P\u00e4iv\u00e4kirjan sivuilta Porvooseen \u2013 Saparom\u00e4en rakennusty\u00f6t etenev\u00e4t epidemian keskell\u00e4kin El\u00e4inaktivismi on raskasta, mutta Maarit Auranen ei suostu vaikenemaan Onko suomalainen naudanliha ekotuote vai viherpesua? Nautoja kuljetetaan edelleen s\u00e4\u00e4nt\u00f6jen vastaisesti EU:ssa Koronavirus aiheuttaa ahdinkoa sappikarhujen turvakodeissa Kiinassa Lehmien laiduntaminen on yh\u00e4 harvinaisempaa El\u00e4indokumentit j\u00e4tt\u00e4v\u00e4t j\u00e4lkens\u00e4 el\u00e4insuhteeseemme Vegemessut toimii vastuullisten valintojen uranuurtajana Ruokaraivo \u2013 miksi [...]L\u00e4s mer\" \/>\n<meta property=\"og:url\" content=\"https:\/\/animaliamedia.fi\/sv\/langa-artiklar\/\" \/>\n<meta property=\"og:site_name\" content=\"Animalia-media\" \/>\n<meta property=\"article:modified_time\" content=\"2020-03-31T14:48:19+00:00\" \/>\n<meta property=\"og:image\" content=\"https:\/\/animaliamedia.fi\/wp-content\/uploads\/Maarit-Auranen-800x420.jpg\" \/>\n<meta name=\"twitter:card\" content=\"summary_large_image\" \/>\n<meta name=\"twitter:label1\" content=\"Ber\u00e4knad l\u00e4stid\" \/>\n\t<meta name=\"twitter:data1\" content=\"1 minut\" \/>\n<script type=\"application\/ld+json\" class=\"yoast-schema-graph\">{\"@context\":\"https:\/\/schema.org\",\"@graph\":[{\"@type\":\"WebPage\",\"@id\":\"https:\/\/animaliamedia.fi\/sv\/langa-artiklar\/\",\"url\":\"https:\/\/animaliamedia.fi\/sv\/langa-artiklar\/\",\"name\":\"L\u00e5nga\u202fartiklar | Animalia-media\",\"isPartOf\":{\"@id\":\"https:\/\/animaliamedia.fi\/sv\/#website\"},\"primaryImageOfPage\":{\"@id\":\"https:\/\/animaliamedia.fi\/sv\/langa-artiklar\/#primaryimage\"},\"image\":{\"@id\":\"https:\/\/animaliamedia.fi\/sv\/langa-artiklar\/#primaryimage\"},\"thumbnailUrl\":\"https:\/\/animaliamedia.fi\/wp-content\/uploads\/Maarit-Auranen-800x420.jpg\",\"datePublished\":\"2020-03-31T11:25:45+00:00\",\"dateModified\":\"2020-03-31T14:48:19+00:00\",\"breadcrumb\":{\"@id\":\"https:\/\/animaliamedia.fi\/sv\/langa-artiklar\/#breadcrumb\"},\"inLanguage\":\"sv-SE\",\"potentialAction\":[{\"@type\":\"ReadAction\",\"target\":[\"https:\/\/animaliamedia.fi\/sv\/langa-artiklar\/\"]}]},{\"@type\":\"ImageObject\",\"inLanguage\":\"sv-SE\",\"@id\":\"https:\/\/animaliamedia.fi\/sv\/langa-artiklar\/#primaryimage\",\"url\":\"https:\/\/animaliamedia.fi\/wp-content\/uploads\/Maarit-Auranen-800x420.jpg\",\"contentUrl\":\"https:\/\/animaliamedia.fi\/wp-content\/uploads\/Maarit-Auranen-800x420.jpg\"},{\"@type\":\"BreadcrumbList\",\"@id\":\"https:\/\/animaliamedia.fi\/sv\/langa-artiklar\/#breadcrumb\",\"itemListElement\":[{\"@type\":\"ListItem\",\"position\":1,\"name\":\"Home\",\"item\":\"https:\/\/animaliamedia.fi\/sv\/\"},{\"@type\":\"ListItem\",\"position\":2,\"name\":\"L\u00e5nga artiklar\"}]},{\"@type\":\"WebSite\",\"@id\":\"https:\/\/animaliamedia.fi\/sv\/#website\",\"url\":\"https:\/\/animaliamedia.fi\/sv\/\",\"name\":\"Animalia-media\",\"description\":\"\",\"publisher\":{\"@id\":\"https:\/\/animaliamedia.fi\/sv\/#organization\"},\"potentialAction\":[{\"@type\":\"SearchAction\",\"target\":{\"@type\":\"EntryPoint\",\"urlTemplate\":\"https:\/\/animaliamedia.fi\/sv\/?s={search_term_string}\"},\"query-input\":{\"@type\":\"PropertyValueSpecification\",\"valueRequired\":true,\"valueName\":\"search_term_string\"}}],\"inLanguage\":\"sv-SE\"},{\"@type\":\"Organization\",\"@id\":\"https:\/\/animaliamedia.fi\/sv\/#organization\",\"name\":\"Animalia\",\"url\":\"https:\/\/animaliamedia.fi\/sv\/\",\"logo\":{\"@type\":\"ImageObject\",\"inLanguage\":\"sv-SE\",\"@id\":\"https:\/\/animaliamedia.fi\/sv\/#\/schema\/logo\/image\/\",\"url\":\"https:\/\/animaliamedia.fi\/wp-content\/uploads\/animalia-media-logo-www4.png\",\"contentUrl\":\"https:\/\/animaliamedia.fi\/wp-content\/uploads\/animalia-media-logo-www4.png\",\"width\":801,\"height\":130,\"caption\":\"Animalia\"},\"image\":{\"@id\":\"https:\/\/animaliamedia.fi\/sv\/#\/schema\/logo\/image\/\"}}]}<\/script>\n<!-- \/ Yoast SEO plugin. -->","yoast_head_json":{"title":"L\u00e5nga\u202fartiklar | Animalia-media","robots":{"index":"index","follow":"follow","max-snippet":"max-snippet:-1","max-image-preview":"max-image-preview:large","max-video-preview":"max-video-preview:-1"},"canonical":"https:\/\/animaliamedia.fi\/sv\/langa-artiklar\/","og_locale":"sv_SE","og_type":"article","og_title":"L\u00e5nga\u202fartiklar | Animalia-media","og_description":"L\u00e5nga artiklar P\u00e4iv\u00e4kirjan sivuilta Porvooseen \u2013 Saparom\u00e4en rakennusty\u00f6t etenev\u00e4t epidemian keskell\u00e4kin El\u00e4inaktivismi on raskasta, mutta Maarit Auranen ei suostu vaikenemaan Onko suomalainen naudanliha ekotuote vai viherpesua? Nautoja kuljetetaan edelleen s\u00e4\u00e4nt\u00f6jen vastaisesti EU:ssa Koronavirus aiheuttaa ahdinkoa sappikarhujen turvakodeissa Kiinassa Lehmien laiduntaminen on yh\u00e4 harvinaisempaa El\u00e4indokumentit j\u00e4tt\u00e4v\u00e4t j\u00e4lkens\u00e4 el\u00e4insuhteeseemme Vegemessut toimii vastuullisten valintojen uranuurtajana Ruokaraivo \u2013 miksi [...]L\u00e4s mer","og_url":"https:\/\/animaliamedia.fi\/sv\/langa-artiklar\/","og_site_name":"Animalia-media","article_modified_time":"2020-03-31T14:48:19+00:00","og_image":[{"url":"https:\/\/animaliamedia.fi\/wp-content\/uploads\/Maarit-Auranen-800x420.jpg","type":"","width":"","height":""}],"twitter_card":"summary_large_image","twitter_misc":{"Ber\u00e4knad l\u00e4stid":"1 minut"},"schema":{"@context":"https:\/\/schema.org","@graph":[{"@type":"WebPage","@id":"https:\/\/animaliamedia.fi\/sv\/langa-artiklar\/","url":"https:\/\/animaliamedia.fi\/sv\/langa-artiklar\/","name":"L\u00e5nga\u202fartiklar | Animalia-media","isPartOf":{"@id":"https:\/\/animaliamedia.fi\/sv\/#website"},"primaryImageOfPage":{"@id":"https:\/\/animaliamedia.fi\/sv\/langa-artiklar\/#primaryimage"},"image":{"@id":"https:\/\/animaliamedia.fi\/sv\/langa-artiklar\/#primaryimage"},"thumbnailUrl":"https:\/\/animaliamedia.fi\/wp-content\/uploads\/Maarit-Auranen-800x420.jpg","datePublished":"2020-03-31T11:25:45+00:00","dateModified":"2020-03-31T14:48:19+00:00","breadcrumb":{"@id":"https:\/\/animaliamedia.fi\/sv\/langa-artiklar\/#breadcrumb"},"inLanguage":"sv-SE","potentialAction":[{"@type":"ReadAction","target":["https:\/\/animaliamedia.fi\/sv\/langa-artiklar\/"]}]},{"@type":"ImageObject","inLanguage":"sv-SE","@id":"https:\/\/animaliamedia.fi\/sv\/langa-artiklar\/#primaryimage","url":"https:\/\/animaliamedia.fi\/wp-content\/uploads\/Maarit-Auranen-800x420.jpg","contentUrl":"https:\/\/animaliamedia.fi\/wp-content\/uploads\/Maarit-Auranen-800x420.jpg"},{"@type":"BreadcrumbList","@id":"https:\/\/animaliamedia.fi\/sv\/langa-artiklar\/#breadcrumb","itemListElement":[{"@type":"ListItem","position":1,"name":"Home","item":"https:\/\/animaliamedia.fi\/sv\/"},{"@type":"ListItem","position":2,"name":"L\u00e5nga artiklar"}]},{"@type":"WebSite","@id":"https:\/\/animaliamedia.fi\/sv\/#website","url":"https:\/\/animaliamedia.fi\/sv\/","name":"Animalia-media","description":"","publisher":{"@id":"https:\/\/animaliamedia.fi\/sv\/#organization"},"potentialAction":[{"@type":"SearchAction","target":{"@type":"EntryPoint","urlTemplate":"https:\/\/animaliamedia.fi\/sv\/?s={search_term_string}"},"query-input":{"@type":"PropertyValueSpecification","valueRequired":true,"valueName":"search_term_string"}}],"inLanguage":"sv-SE"},{"@type":"Organization","@id":"https:\/\/animaliamedia.fi\/sv\/#organization","name":"Animalia","url":"https:\/\/animaliamedia.fi\/sv\/","logo":{"@type":"ImageObject","inLanguage":"sv-SE","@id":"https:\/\/animaliamedia.fi\/sv\/#\/schema\/logo\/image\/","url":"https:\/\/animaliamedia.fi\/wp-content\/uploads\/animalia-media-logo-www4.png","contentUrl":"https:\/\/animaliamedia.fi\/wp-content\/uploads\/animalia-media-logo-www4.png","width":801,"height":130,"caption":"Animalia"},"image":{"@id":"https:\/\/animaliamedia.fi\/sv\/#\/schema\/logo\/image\/"}}]}},"_links":{"self":[{"href":"https:\/\/animaliamedia.fi\/sv\/wp-json\/wp\/v2\/pages\/24100","targetHints":{"allow":["GET"]}}],"collection":[{"href":"https:\/\/animaliamedia.fi\/sv\/wp-json\/wp\/v2\/pages"}],"about":[{"href":"https:\/\/animaliamedia.fi\/sv\/wp-json\/wp\/v2\/types\/page"}],"author":[{"embeddable":true,"href":"https:\/\/animaliamedia.fi\/sv\/wp-json\/wp\/v2\/users\/63"}],"replies":[{"embeddable":true,"href":"https:\/\/animaliamedia.fi\/sv\/wp-json\/wp\/v2\/comments?post=24100"}],"version-history":[{"count":5,"href":"https:\/\/animaliamedia.fi\/sv\/wp-json\/wp\/v2\/pages\/24100\/revisions"}],"predecessor-version":[{"id":24190,"href":"https:\/\/animaliamedia.fi\/sv\/wp-json\/wp\/v2\/pages\/24100\/revisions\/24190"}],"wp:attachment":[{"href":"https:\/\/animaliamedia.fi\/sv\/wp-json\/wp\/v2\/media?parent=24100"}],"curies":[{"name":"wp","href":"https:\/\/api.w.org\/{rel}","templated":true}]}}