{"id":24108,"date":"2020-03-31T14:28:42","date_gmt":"2020-03-31T11:28:42","guid":{"rendered":"https:\/\/animaliamedia.fi\/videor\/"},"modified":"2020-04-07T13:18:33","modified_gmt":"2020-04-07T10:18:33","slug":"videoklipp","status":"publish","type":"page","link":"https:\/\/animaliamedia.fi\/sv\/videoklipp\/","title":{"rendered":"Videoklipp"},"content":{"rendered":"\t\t<div data-elementor-type=\"wp-page\" data-elementor-id=\"24108\" class=\"elementor elementor-24108 elementor-20839\" data-elementor-post-type=\"page\">\n\t\t\t\t\t\t<section class=\"elementor-section elementor-top-section elementor-element elementor-element-59f96b8 elementor-section-boxed elementor-section-height-default elementor-section-height-default\" data-id=\"59f96b8\" data-element_type=\"section\" data-e-type=\"section\" data-settings=\"{&quot;background_background&quot;:&quot;classic&quot;,&quot;background_image&quot;:{&quot;url&quot;:&quot;&quot;,&quot;id&quot;:&quot;&quot;,&quot;size&quot;:&quot;&quot;}}\">\n\t\t\t\t\t\t<div class=\"elementor-container elementor-column-gap-default\">\n\t\t\t\t\t<div class=\"elementor-column elementor-col-100 elementor-top-column elementor-element elementor-element-1d3ad36\" data-id=\"1d3ad36\" data-element_type=\"column\" data-e-type=\"column\">\n\t\t\t<div class=\"elementor-widget-wrap elementor-element-populated\">\n\t\t\t\t\t\t<div class=\"elementor-element elementor-element-2587f72 elementor-widget elementor-widget-heading\" data-id=\"2587f72\" data-element_type=\"widget\" data-e-type=\"widget\" data-widget_type=\"heading.default\">\n\t\t\t\t<div class=\"elementor-widget-container\">\n\t\t\t\t\t<h1 class=\"elementor-heading-title elementor-size-default\">Videor<\/h1>\t\t\t\t<\/div>\n\t\t\t\t<\/div>\n\t\t\t\t<div class=\"elementor-element elementor-element-0f5c8a3 ee-grid-columns-4 ee-posts-thumbnail-ratio ee-posts-align-bottom ee-grid-columns-tablet-2 ee-grid-columns-mobile-1 ee-grid-align--stretch ee-grid-halign--left elementor-widget elementor-widget-posts-extra\" data-id=\"0f5c8a3\" data-element_type=\"widget\" data-e-type=\"widget\" data-settings=\"{&quot;columns&quot;:&quot;4&quot;,&quot;classic_grid_columns_spacing&quot;:{&quot;unit&quot;:&quot;px&quot;,&quot;size&quot;:11,&quot;sizes&quot;:[]},&quot;classic_grid_columns_spacing_mobile&quot;:{&quot;unit&quot;:&quot;px&quot;,&quot;size&quot;:&quot;&quot;,&quot;sizes&quot;:[]},&quot;classic_infinite_scroll&quot;:&quot;yes&quot;,&quot;classic_infinite_scroll_button&quot;:&quot;yes&quot;,&quot;columns_tablet&quot;:&quot;2&quot;,&quot;columns_mobile&quot;:&quot;1&quot;,&quot;classic_layout&quot;:&quot;default&quot;,&quot;classic_grid_columns_spacing_tablet&quot;:{&quot;unit&quot;:&quot;px&quot;,&quot;size&quot;:12,&quot;sizes&quot;:[]}}\" data-widget_type=\"posts-extra.classic\">\n\t\t\t\t<div class=\"elementor-widget-container\">\n\t\t\t\t\t<div class=\"ee-posts__nothing-found\">No articles found in this category.<\/div>\t\t\t\t<\/div>\n\t\t\t\t<\/div>\n\t\t\t\t\t<\/div>\n\t\t<\/div>\n\t\t\t\t\t<\/div>\n\t\t<\/section>\n\t\t\t\t<\/div>\n\t\t","protected":false},"excerpt":{"rendered":"<p>Videor Kalojen hiilidioksiditainnutus Mit\u00e4 tapahtuu, kun katsomme kalaa? Miten kalat ajattelevat? Mit\u00e4 kalat tuntevat? Kaupallinen kalastus Kaupallinen kalankasvatus Mit\u00e4 sy\u00f6d\u00e4 jos ei sy\u00f6 kalaa? Mit\u00e4 voin tehd\u00e4? Hei me tongitaan! El\u00e4intuotanto ei ole leikki\u00e4 Rauha, oma tila, vapaus Alla texter har laddats ner Inga fler texter. Visa mer [&#8230;]<\/p>\n<p><a class=\"btn btn-secondary understrap-read-more-link\" href=\"https:\/\/animaliamedia.fi\/sv\/videoklipp\/\">L\u00e4s mer<\/a><\/p>\n","protected":false},"author":63,"featured_media":0,"parent":0,"menu_order":0,"comment_status":"closed","ping_status":"closed","template":"elementor_header_footer","meta":{"_acf_changed":false,"footnotes":""},"class_list":["post-24108","page","type-page","status-publish","hentry"],"acf":[],"yoast_head":"<!-- This site is optimized with the Yoast SEO plugin v27.1.1 - https:\/\/yoast.com\/product\/yoast-seo-wordpress\/ -->\n<title>Videor | Animalia-media<\/title>\n<meta name=\"robots\" content=\"index, follow, max-snippet:-1, max-image-preview:large, max-video-preview:-1\" \/>\n<link rel=\"canonical\" href=\"https:\/\/animaliamedia.fi\/sv\/videoklipp\/\" \/>\n<meta property=\"og:locale\" content=\"sv_SE\" \/>\n<meta property=\"og:type\" content=\"article\" \/>\n<meta property=\"og:title\" content=\"Videor | Animalia-media\" \/>\n<meta property=\"og:description\" content=\"Videor Kalojen hiilidioksiditainnutus Mit\u00e4 tapahtuu, kun katsomme kalaa? Miten kalat ajattelevat? Mit\u00e4 kalat tuntevat? Kaupallinen kalastus Kaupallinen kalankasvatus Mit\u00e4 sy\u00f6d\u00e4 jos ei sy\u00f6 kalaa? Mit\u00e4 voin tehd\u00e4? Hei me tongitaan! El\u00e4intuotanto ei ole leikki\u00e4 Rauha, oma tila, vapaus Alla texter har laddats ner Inga fler texter. Visa mer [...]L\u00e4s mer\" \/>\n<meta property=\"og:url\" content=\"https:\/\/animaliamedia.fi\/sv\/videoklipp\/\" \/>\n<meta property=\"og:site_name\" content=\"Animalia-media\" \/>\n<meta property=\"article:modified_time\" content=\"2020-04-07T10:18:33+00:00\" \/>\n<meta property=\"og:image\" content=\"https:\/\/animaliamedia.fi\/wp-content\/uploads\/tilapia-3869240_1920_Animaliamedia_1200x628-800x419.jpg\" \/>\n<meta name=\"twitter:card\" content=\"summary_large_image\" \/>\n<script type=\"application\/ld+json\" class=\"yoast-schema-graph\">{\"@context\":\"https:\/\/schema.org\",\"@graph\":[{\"@type\":\"WebPage\",\"@id\":\"https:\/\/animaliamedia.fi\/sv\/videoklipp\/\",\"url\":\"https:\/\/animaliamedia.fi\/sv\/videoklipp\/\",\"name\":\"Videor | Animalia-media\",\"isPartOf\":{\"@id\":\"https:\/\/animaliamedia.fi\/sv\/#website\"},\"primaryImageOfPage\":{\"@id\":\"https:\/\/animaliamedia.fi\/sv\/videoklipp\/#primaryimage\"},\"image\":{\"@id\":\"https:\/\/animaliamedia.fi\/sv\/videoklipp\/#primaryimage\"},\"thumbnailUrl\":\"https:\/\/animaliamedia.fi\/wp-content\/uploads\/tilapia-3869240_1920_Animaliamedia_1200x628-800x419.jpg\",\"datePublished\":\"2020-03-31T11:28:42+00:00\",\"dateModified\":\"2020-04-07T10:18:33+00:00\",\"breadcrumb\":{\"@id\":\"https:\/\/animaliamedia.fi\/sv\/videoklipp\/#breadcrumb\"},\"inLanguage\":\"sv-SE\",\"potentialAction\":[{\"@type\":\"ReadAction\",\"target\":[\"https:\/\/animaliamedia.fi\/sv\/videoklipp\/\"]}]},{\"@type\":\"ImageObject\",\"inLanguage\":\"sv-SE\",\"@id\":\"https:\/\/animaliamedia.fi\/sv\/videoklipp\/#primaryimage\",\"url\":\"https:\/\/animaliamedia.fi\/wp-content\/uploads\/tilapia-3869240_1920_Animaliamedia_1200x628-800x419.jpg\",\"contentUrl\":\"https:\/\/animaliamedia.fi\/wp-content\/uploads\/tilapia-3869240_1920_Animaliamedia_1200x628-800x419.jpg\"},{\"@type\":\"BreadcrumbList\",\"@id\":\"https:\/\/animaliamedia.fi\/sv\/videoklipp\/#breadcrumb\",\"itemListElement\":[{\"@type\":\"ListItem\",\"position\":1,\"name\":\"Home\",\"item\":\"https:\/\/animaliamedia.fi\/sv\/\"},{\"@type\":\"ListItem\",\"position\":2,\"name\":\"Videoklipp\"}]},{\"@type\":\"WebSite\",\"@id\":\"https:\/\/animaliamedia.fi\/sv\/#website\",\"url\":\"https:\/\/animaliamedia.fi\/sv\/\",\"name\":\"Animalia-media\",\"description\":\"\",\"publisher\":{\"@id\":\"https:\/\/animaliamedia.fi\/sv\/#organization\"},\"potentialAction\":[{\"@type\":\"SearchAction\",\"target\":{\"@type\":\"EntryPoint\",\"urlTemplate\":\"https:\/\/animaliamedia.fi\/sv\/?s={search_term_string}\"},\"query-input\":{\"@type\":\"PropertyValueSpecification\",\"valueRequired\":true,\"valueName\":\"search_term_string\"}}],\"inLanguage\":\"sv-SE\"},{\"@type\":\"Organization\",\"@id\":\"https:\/\/animaliamedia.fi\/sv\/#organization\",\"name\":\"Animalia\",\"url\":\"https:\/\/animaliamedia.fi\/sv\/\",\"logo\":{\"@type\":\"ImageObject\",\"inLanguage\":\"sv-SE\",\"@id\":\"https:\/\/animaliamedia.fi\/sv\/#\/schema\/logo\/image\/\",\"url\":\"https:\/\/animaliamedia.fi\/wp-content\/uploads\/animalia-media-logo-www4.png\",\"contentUrl\":\"https:\/\/animaliamedia.fi\/wp-content\/uploads\/animalia-media-logo-www4.png\",\"width\":801,\"height\":130,\"caption\":\"Animalia\"},\"image\":{\"@id\":\"https:\/\/animaliamedia.fi\/sv\/#\/schema\/logo\/image\/\"}}]}<\/script>\n<!-- \/ Yoast SEO plugin. -->","yoast_head_json":{"title":"Videor | Animalia-media","robots":{"index":"index","follow":"follow","max-snippet":"max-snippet:-1","max-image-preview":"max-image-preview:large","max-video-preview":"max-video-preview:-1"},"canonical":"https:\/\/animaliamedia.fi\/sv\/videoklipp\/","og_locale":"sv_SE","og_type":"article","og_title":"Videor | Animalia-media","og_description":"Videor Kalojen hiilidioksiditainnutus Mit\u00e4 tapahtuu, kun katsomme kalaa? Miten kalat ajattelevat? Mit\u00e4 kalat tuntevat? Kaupallinen kalastus Kaupallinen kalankasvatus Mit\u00e4 sy\u00f6d\u00e4 jos ei sy\u00f6 kalaa? Mit\u00e4 voin tehd\u00e4? Hei me tongitaan! El\u00e4intuotanto ei ole leikki\u00e4 Rauha, oma tila, vapaus Alla texter har laddats ner Inga fler texter. Visa mer [...]L\u00e4s mer","og_url":"https:\/\/animaliamedia.fi\/sv\/videoklipp\/","og_site_name":"Animalia-media","article_modified_time":"2020-04-07T10:18:33+00:00","og_image":[{"url":"https:\/\/animaliamedia.fi\/wp-content\/uploads\/tilapia-3869240_1920_Animaliamedia_1200x628-800x419.jpg","type":"","width":"","height":""}],"twitter_card":"summary_large_image","schema":{"@context":"https:\/\/schema.org","@graph":[{"@type":"WebPage","@id":"https:\/\/animaliamedia.fi\/sv\/videoklipp\/","url":"https:\/\/animaliamedia.fi\/sv\/videoklipp\/","name":"Videor | Animalia-media","isPartOf":{"@id":"https:\/\/animaliamedia.fi\/sv\/#website"},"primaryImageOfPage":{"@id":"https:\/\/animaliamedia.fi\/sv\/videoklipp\/#primaryimage"},"image":{"@id":"https:\/\/animaliamedia.fi\/sv\/videoklipp\/#primaryimage"},"thumbnailUrl":"https:\/\/animaliamedia.fi\/wp-content\/uploads\/tilapia-3869240_1920_Animaliamedia_1200x628-800x419.jpg","datePublished":"2020-03-31T11:28:42+00:00","dateModified":"2020-04-07T10:18:33+00:00","breadcrumb":{"@id":"https:\/\/animaliamedia.fi\/sv\/videoklipp\/#breadcrumb"},"inLanguage":"sv-SE","potentialAction":[{"@type":"ReadAction","target":["https:\/\/animaliamedia.fi\/sv\/videoklipp\/"]}]},{"@type":"ImageObject","inLanguage":"sv-SE","@id":"https:\/\/animaliamedia.fi\/sv\/videoklipp\/#primaryimage","url":"https:\/\/animaliamedia.fi\/wp-content\/uploads\/tilapia-3869240_1920_Animaliamedia_1200x628-800x419.jpg","contentUrl":"https:\/\/animaliamedia.fi\/wp-content\/uploads\/tilapia-3869240_1920_Animaliamedia_1200x628-800x419.jpg"},{"@type":"BreadcrumbList","@id":"https:\/\/animaliamedia.fi\/sv\/videoklipp\/#breadcrumb","itemListElement":[{"@type":"ListItem","position":1,"name":"Home","item":"https:\/\/animaliamedia.fi\/sv\/"},{"@type":"ListItem","position":2,"name":"Videoklipp"}]},{"@type":"WebSite","@id":"https:\/\/animaliamedia.fi\/sv\/#website","url":"https:\/\/animaliamedia.fi\/sv\/","name":"Animalia-media","description":"","publisher":{"@id":"https:\/\/animaliamedia.fi\/sv\/#organization"},"potentialAction":[{"@type":"SearchAction","target":{"@type":"EntryPoint","urlTemplate":"https:\/\/animaliamedia.fi\/sv\/?s={search_term_string}"},"query-input":{"@type":"PropertyValueSpecification","valueRequired":true,"valueName":"search_term_string"}}],"inLanguage":"sv-SE"},{"@type":"Organization","@id":"https:\/\/animaliamedia.fi\/sv\/#organization","name":"Animalia","url":"https:\/\/animaliamedia.fi\/sv\/","logo":{"@type":"ImageObject","inLanguage":"sv-SE","@id":"https:\/\/animaliamedia.fi\/sv\/#\/schema\/logo\/image\/","url":"https:\/\/animaliamedia.fi\/wp-content\/uploads\/animalia-media-logo-www4.png","contentUrl":"https:\/\/animaliamedia.fi\/wp-content\/uploads\/animalia-media-logo-www4.png","width":801,"height":130,"caption":"Animalia"},"image":{"@id":"https:\/\/animaliamedia.fi\/sv\/#\/schema\/logo\/image\/"}}]}},"_links":{"self":[{"href":"https:\/\/animaliamedia.fi\/sv\/wp-json\/wp\/v2\/pages\/24108","targetHints":{"allow":["GET"]}}],"collection":[{"href":"https:\/\/animaliamedia.fi\/sv\/wp-json\/wp\/v2\/pages"}],"about":[{"href":"https:\/\/animaliamedia.fi\/sv\/wp-json\/wp\/v2\/types\/page"}],"author":[{"embeddable":true,"href":"https:\/\/animaliamedia.fi\/sv\/wp-json\/wp\/v2\/users\/63"}],"replies":[{"embeddable":true,"href":"https:\/\/animaliamedia.fi\/sv\/wp-json\/wp\/v2\/comments?post=24108"}],"version-history":[{"count":2,"href":"https:\/\/animaliamedia.fi\/sv\/wp-json\/wp\/v2\/pages\/24108\/revisions"}],"predecessor-version":[{"id":24246,"href":"https:\/\/animaliamedia.fi\/sv\/wp-json\/wp\/v2\/pages\/24108\/revisions\/24246"}],"wp:attachment":[{"href":"https:\/\/animaliamedia.fi\/sv\/wp-json\/wp\/v2\/media?parent=24108"}],"curies":[{"name":"wp","href":"https:\/\/api.w.org\/{rel}","templated":true}]}}